{"id":2092,"date":"2023-03-04T10:49:39","date_gmt":"2023-03-04T10:49:39","guid":{"rendered":"https:\/\/www.greenwood-power.com\/wp_gwp20\/?page_id=2092"},"modified":"2026-03-10T13:55:42","modified_gmt":"2026-03-10T13:55:42","slug":"legal-notice","status":"publish","type":"page","link":"https:\/\/www.greenwood-power.com\/de\/legal-notice\/","title":{"rendered":"Impressum"},"content":{"rendered":"<div class=\"et_pb_section_0 et_pb_section et_section_regular et_block_section\"><div class=\"et_pb_row_0 et_pb_row et_block_row\"><div class=\"et_pb_column_0 et_pb_column et_pb_column_4_4 et-last-child et_block_column et_pb_css_mix_blend_mode_passthrough\"><div class=\"et_pb_text_0 et_pb_text et_pb_bg_layout_light et_animated et_pb_module et_block_module\"><div class=\"et_pb_text_inner\"><h1>Impressum<a href=\"mailto:office@greenwood-power.com\"><\/a><\/h1>\n<\/div><\/div><\/div><\/div><div class=\"et_pb_row_1 et_pb_row et_block_row\"><div class=\"et_pb_column_1 et_pb_column et_pb_column_1_2 et_block_column et_pb_css_mix_blend_mode_passthrough\"><div class=\"et_pb_text_1 et_pb_text et_pb_bg_layout_light et_animated et_pb_module et_block_module\"><div class=\"et_pb_text_inner\"><h2>Greenwood-Power<\/h2>\n<h3>Firmensitz<\/h3>\n<p>Industriestra\u00dfe B6-8<br \/>2345 Brunn am Gebirge<\/p>\n<p>Email: office@greenwood-power.com<br \/>Internet: www.greenwood-power.com<br \/>Telefon: +43 (0) 676 513 2404<\/p>\n<\/div><\/div><\/div><div class=\"et_pb_column_2 et_pb_column et_pb_column_1_2 et-last-child et_block_column et_pb_css_mix_blend_mode_passthrough\"><div class=\"et_pb_text_2 et_pb_text et_pb_bg_layout_light et_animated et_pb_module et_block_module\"><div class=\"et_pb_text_inner\"><h2>Gesch\u00e4ftsf\u00fchrung<\/h2>\n<p><strong>Kurt Ternegg und Norbert Juschicz<\/strong><br \/>Eingetragen beim Amtsgericht Wiener Neustadt<br \/>Registrierungsnummer: FN 506 344z<br \/>VAT ID: ATU74116002<\/p>\n<p>Verantwortlich f\u00fcr den Inhalt<br \/>Kurt Ternegg und Norbert Juschicz<\/p>\n<\/div><\/div><\/div><\/div><div class=\"et_pb_row_2 et_pb_row et_block_row\"><div class=\"et_pb_column_3 et_pb_column et_pb_column_4_4 et-last-child et_block_column et_pb_css_mix_blend_mode_passthrough\"><div class=\"et_pb_text_3 et_pb_text et_pb_bg_layout_light et_animated et_pb_module et_block_module\"><div class=\"et_pb_text_inner\"><h2>Website-Inhalt<\/h2>\n<p>Der Autor \u00fcbernimmt keinerlei Gew\u00e4hr f\u00fcr die Aktualit\u00e4t, Korrektheit, Vollst\u00e4ndigkeit oder Qualit\u00e4t der bereitgestellten Inhalte. Haftungsanspr\u00fcche gegen den Autor, die sich auf Sch\u00e4den materieller oder ideeller Art beziehen, welche durch die Nutzung oder Nichtnutzung der dargebotenen Informationen verursacht wurden, sind grunds\u00e4tzlich ausgeschlossen, sofern seitens des Autors kein nachweislich vors\u00e4tzliches oder grob fahrl\u00e4ssiges Verschulden vorliegt. Alle Angebote sind freibleibend und unverbindlich. Der Autor beh\u00e4lt sich ausdr\u00fccklich das Recht vor, Teile der Online-Inhalte ohne vorherige Ank\u00fcndigung zu \u00e4ndern, zu erg\u00e4nzen oder zu l\u00f6schen oder die Online-Inhalte ganz oder teilweise dauerhaft oder vor\u00fcbergehend einzustellen.<\/p>\n<p>&nbsp;<\/p>\n<h2>Links<\/h2>\n<p>Der Autor kann f\u00fcr direkte oder indirekte Verweise auf andere Internetseiten (Links), auf deren Inhalt er keinen Einfluss hat, nur dann haftbar gemacht werden, wenn er von den Inhalten Kenntnis hat und es ihm technisch m\u00f6glich und zumutbar w\u00e4re, die Nutzung rechtswidriger Inhalte zu verhindern. Der Autor erkl\u00e4rt hiermit ausdr\u00fccklich, dass zum Zeitpunkt der Linksetzung keine illegalen Inhalte auf den zu verlinkenden Seiten erkennbar waren. Der Autor hat keinerlei Einfluss auf die aktuelle und zuk\u00fcnftige Gestaltung, die Inhalte oder die Urheberschaft der verlinkten Seiten. Deshalb distanziert er sich hiermit ausdr\u00fccklich von allen \u00c4nderungen, die nach der Linksetzung auf den verlinkten Seiten vorgenommen werden. Der Autor \u00fcbernimmt auch keine Verantwortung f\u00fcr Links oder Beitr\u00e4ge in von ihm eingerichteten Diskussionsforen, G\u00e4steb\u00fcchern, Mailinglisten oder \u00e4hnlichen Einrichtungen, die auf seiner eigenen Seite angeboten werden. F\u00fcr illegale, fehlerhafte oder unvollst\u00e4ndige Inhalte und insbesondere f\u00fcr Sch\u00e4den, die aus der Nutzung oder Nichtnutzung solcherart dargebotener Informationen entstehen, haftet allein der Anbieter der Seite, auf welche verwiesen wurde, nicht derjenige, der \u00fcber Links auf die jeweilige Ver\u00f6ffentlichung lediglich verweist.<\/p>\n<p>&nbsp;<\/p>\n<h2>Urheber- und Markenrecht<\/h2>\n<p>Der Autor hat in allen Publikationen die Urheberrechte der verwendeten Grafiken, Tondokumente, Videosequenzen und Texte beachtet bzw., soweit m\u00f6glich, von ihm selbst erstellte Grafiken, Tondokumente, Videosequenzen und Texte verwendet oder auf lizenzfreie Grafiken, Tondokumente, Videosequenzen und Texte zur\u00fcckgegriffen. Alle innerhalb des Internetangebotes genannten und ggf. durch Dritte gesch\u00fctzten Marken- und Warenzeichen unterliegen uneingeschr\u00e4nkt den Bestimmungen des jeweils g\u00fcltigen Kennzeichenrechts und den Besitzrechten der jeweiligen eingetragenen Eigent\u00fcmer. Allein aufgrund der blo\u00dfen Nennung ist nicht der Schluss zu ziehen, dass Markenzeichen nicht durch Rechte Dritter gesch\u00fctzt sind! Das Copyright f\u00fcr ver\u00f6ffentlichte, vom Autor selbst erstellte Inhalte bleibt allein beim Autor der Seiten. Eine Vervielf\u00e4ltigung oder Verwendung solcher Grafiken, Tondokumente, Videosequenzen und Texte in anderen elektronischen oder gedruckten Publikationen ist ohne ausdr\u00fcckliche Zustimmung des Autors nicht gestattet.<\/p>\n<p>&nbsp;<\/p>\n<h2>Rechtswirksamkeit dieses Haftungsausschlusses<\/h2>\n<p>Dieser Haftungsausschluss ist als Teil des Internetangebotes zu betrachten, von dem aus auf diese Seite verwiesen wurde. Sofern Teile oder einzelne Formulierungen dieses Textes der geltenden Rechtslage nicht, nicht mehr oder nicht vollst\u00e4ndig entsprechen sollten, bleiben die \u00fcbrigen Teile des Dokumentes in ihrem Inhalt und ihrer G\u00fcltigkeit davon unber\u00fchrt.<\/p>\n<\/div><\/div><\/div><\/div><\/div>","protected":false},"excerpt":{"rendered":"","protected":false},"author":1,"featured_media":0,"parent":0,"menu_order":0,"comment_status":"closed","ping_status":"closed","template":"","meta":{"content-type":"","om_disable_all_campaigns":false,"_monsterinsights_skip_tracking":false,"_monsterinsights_sitenote_active":false,"_monsterinsights_sitenote_note":"","_monsterinsights_sitenote_category":0,"_uf_show_specific_survey":0,"_uf_disable_surveys":false,"footnotes":""},"class_list":["post-2092","page","type-page","status-publish","hentry"],"yoast_head":"<!-- This site is optimized with the Yoast SEO plugin v24.5 - https:\/\/yoast.com\/wordpress\/plugins\/seo\/ -->\n<title>Legal notice - Greenwood-Power<\/title>\n<meta name=\"description\" content=\"Discover essential legal information and policies on our comprehensive Legal Notice page. Stay informed about our terms of use, privacy policy, and other important disclosures to ensure a secure and transparent online experience.\" \/>\n<meta name=\"robots\" content=\"index, follow, max-snippet:-1, max-image-preview:large, max-video-preview:-1\" \/>\n<link rel=\"canonical\" href=\"https:\/\/www.greenwood-power.com\/de\/legal-notice\/\" \/>\n<meta property=\"og:locale\" content=\"de_DE\" \/>\n<meta property=\"og:type\" content=\"article\" \/>\n<meta property=\"og:title\" content=\"Legal notice - Greenwood-Power\" \/>\n<meta property=\"og:description\" content=\"Discover essential legal information and policies on our comprehensive Legal Notice page. Stay informed about our terms of use, privacy policy, and other important disclosures to ensure a secure and transparent online experience.\" \/>\n<meta property=\"og:url\" content=\"https:\/\/www.greenwood-power.com\/de\/legal-notice\/\" \/>\n<meta property=\"og:site_name\" content=\"Greenwood-Power\" \/>\n<meta property=\"article:publisher\" content=\"https:\/\/www.facebook.com\/profile.php?id=100054245060738\" \/>\n<meta property=\"article:modified_time\" content=\"2026-03-10T13:55:42+00:00\" \/>\n<meta name=\"twitter:card\" content=\"summary_large_image\" \/>\n<meta name=\"twitter:label1\" content=\"Gesch\u00e4tzte Lesezeit\" \/>\n\t<meta name=\"twitter:data1\" content=\"4 Minuten\" \/>\n<script type=\"application\/ld+json\" class=\"yoast-schema-graph\">{\"@context\":\"https:\/\/schema.org\",\"@graph\":[{\"@type\":\"WebPage\",\"@id\":\"https:\/\/www.greenwood-power.com\/legal-notice\/\",\"url\":\"https:\/\/www.greenwood-power.com\/legal-notice\/\",\"name\":\"Legal notice - Greenwood-Power\",\"isPartOf\":{\"@id\":\"https:\/\/www.greenwood-power.com\/#website\"},\"datePublished\":\"2023-03-04T10:49:39+00:00\",\"dateModified\":\"2026-03-10T13:55:42+00:00\",\"description\":\"Discover essential legal information and policies on our comprehensive Legal Notice page. Stay informed about our terms of use, privacy policy, and other important disclosures to ensure a secure and transparent online experience.\",\"breadcrumb\":{\"@id\":\"https:\/\/www.greenwood-power.com\/legal-notice\/#breadcrumb\"},\"inLanguage\":\"de-AT\",\"potentialAction\":[{\"@type\":\"ReadAction\",\"target\":[\"https:\/\/www.greenwood-power.com\/legal-notice\/\"]}]},{\"@type\":\"BreadcrumbList\",\"@id\":\"https:\/\/www.greenwood-power.com\/legal-notice\/#breadcrumb\",\"itemListElement\":[{\"@type\":\"ListItem\",\"position\":1,\"name\":\"Home\",\"item\":\"https:\/\/www.greenwood-power.com\/\"},{\"@type\":\"ListItem\",\"position\":2,\"name\":\"Legal notice\"}]},{\"@type\":\"WebSite\",\"@id\":\"https:\/\/www.greenwood-power.com\/#website\",\"url\":\"https:\/\/www.greenwood-power.com\/\",\"name\":\"Greenwood-Power\",\"description\":\"Innovative Sensor Solutions\",\"publisher\":{\"@id\":\"https:\/\/www.greenwood-power.com\/#organization\"},\"potentialAction\":[{\"@type\":\"SearchAction\",\"target\":{\"@type\":\"EntryPoint\",\"urlTemplate\":\"https:\/\/www.greenwood-power.com\/?s={search_term_string}\"},\"query-input\":{\"@type\":\"PropertyValueSpecification\",\"valueRequired\":true,\"valueName\":\"search_term_string\"}}],\"inLanguage\":\"de-AT\"},{\"@type\":\"Organization\",\"@id\":\"https:\/\/www.greenwood-power.com\/#organization\",\"name\":\"Greenwood-Power\",\"url\":\"https:\/\/www.greenwood-power.com\/\",\"logo\":{\"@type\":\"ImageObject\",\"inLanguage\":\"de-AT\",\"@id\":\"https:\/\/www.greenwood-power.com\/#\/schema\/logo\/image\/\",\"url\":\"https:\/\/www.greenwood-power.com\/wp_gwp20\/wp-content\/uploads\/2023\/06\/logo-with-title-wheel-right.png\",\"contentUrl\":\"https:\/\/www.greenwood-power.com\/wp_gwp20\/wp-content\/uploads\/2023\/06\/logo-with-title-wheel-right.png\",\"width\":3188,\"height\":1006,\"caption\":\"Greenwood-Power\"},\"image\":{\"@id\":\"https:\/\/www.greenwood-power.com\/#\/schema\/logo\/image\/\"},\"sameAs\":[\"https:\/\/www.facebook.com\/profile.php?id=100054245060738\",\"https:\/\/www.linkedin.com\/company\/28493292\",\"https:\/\/www.instagram.com\/greenwood_power\/\"]}]}<\/script>\n<!-- \/ Yoast SEO plugin. -->","yoast_head_json":{"title":"Legal notice - Greenwood-Power","description":"Discover essential legal information and policies on our comprehensive Legal Notice page. Stay informed about our terms of use, privacy policy, and other important disclosures to ensure a secure and transparent online experience.","robots":{"index":"index","follow":"follow","max-snippet":"max-snippet:-1","max-image-preview":"max-image-preview:large","max-video-preview":"max-video-preview:-1"},"canonical":"https:\/\/www.greenwood-power.com\/de\/legal-notice\/","og_locale":"de_DE","og_type":"article","og_title":"Legal notice - Greenwood-Power","og_description":"Discover essential legal information and policies on our comprehensive Legal Notice page. Stay informed about our terms of use, privacy policy, and other important disclosures to ensure a secure and transparent online experience.","og_url":"https:\/\/www.greenwood-power.com\/de\/legal-notice\/","og_site_name":"Greenwood-Power","article_publisher":"https:\/\/www.facebook.com\/profile.php?id=100054245060738","article_modified_time":"2026-03-10T13:55:42+00:00","twitter_card":"summary_large_image","twitter_misc":{"Gesch\u00e4tzte Lesezeit":"4 Minuten"},"schema":{"@context":"https:\/\/schema.org","@graph":[{"@type":"WebPage","@id":"https:\/\/www.greenwood-power.com\/legal-notice\/","url":"https:\/\/www.greenwood-power.com\/legal-notice\/","name":"Legal notice - Greenwood-Power","isPartOf":{"@id":"https:\/\/www.greenwood-power.com\/#website"},"datePublished":"2023-03-04T10:49:39+00:00","dateModified":"2026-03-10T13:55:42+00:00","description":"Discover essential legal information and policies on our comprehensive Legal Notice page. Stay informed about our terms of use, privacy policy, and other important disclosures to ensure a secure and transparent online experience.","breadcrumb":{"@id":"https:\/\/www.greenwood-power.com\/legal-notice\/#breadcrumb"},"inLanguage":"de-AT","potentialAction":[{"@type":"ReadAction","target":["https:\/\/www.greenwood-power.com\/legal-notice\/"]}]},{"@type":"BreadcrumbList","@id":"https:\/\/www.greenwood-power.com\/legal-notice\/#breadcrumb","itemListElement":[{"@type":"ListItem","position":1,"name":"Home","item":"https:\/\/www.greenwood-power.com\/"},{"@type":"ListItem","position":2,"name":"Legal notice"}]},{"@type":"WebSite","@id":"https:\/\/www.greenwood-power.com\/#website","url":"https:\/\/www.greenwood-power.com\/","name":"Greenwood-Power","description":"Innovative Sensor Solutions","publisher":{"@id":"https:\/\/www.greenwood-power.com\/#organization"},"potentialAction":[{"@type":"SearchAction","target":{"@type":"EntryPoint","urlTemplate":"https:\/\/www.greenwood-power.com\/?s={search_term_string}"},"query-input":{"@type":"PropertyValueSpecification","valueRequired":true,"valueName":"search_term_string"}}],"inLanguage":"de-AT"},{"@type":"Organization","@id":"https:\/\/www.greenwood-power.com\/#organization","name":"Greenwood-Power","url":"https:\/\/www.greenwood-power.com\/","logo":{"@type":"ImageObject","inLanguage":"de-AT","@id":"https:\/\/www.greenwood-power.com\/#\/schema\/logo\/image\/","url":"https:\/\/www.greenwood-power.com\/wp_gwp20\/wp-content\/uploads\/2023\/06\/logo-with-title-wheel-right.png","contentUrl":"https:\/\/www.greenwood-power.com\/wp_gwp20\/wp-content\/uploads\/2023\/06\/logo-with-title-wheel-right.png","width":3188,"height":1006,"caption":"Greenwood-Power"},"image":{"@id":"https:\/\/www.greenwood-power.com\/#\/schema\/logo\/image\/"},"sameAs":["https:\/\/www.facebook.com\/profile.php?id=100054245060738","https:\/\/www.linkedin.com\/company\/28493292","https:\/\/www.instagram.com\/greenwood_power\/"]}]}},"_links":{"self":[{"href":"https:\/\/www.greenwood-power.com\/de\/wp-json\/wp\/v2\/pages\/2092","targetHints":{"allow":["GET"]}}],"collection":[{"href":"https:\/\/www.greenwood-power.com\/de\/wp-json\/wp\/v2\/pages"}],"about":[{"href":"https:\/\/www.greenwood-power.com\/de\/wp-json\/wp\/v2\/types\/page"}],"author":[{"embeddable":true,"href":"https:\/\/www.greenwood-power.com\/de\/wp-json\/wp\/v2\/users\/1"}],"replies":[{"embeddable":true,"href":"https:\/\/www.greenwood-power.com\/de\/wp-json\/wp\/v2\/comments?post=2092"}],"version-history":[{"count":7,"href":"https:\/\/www.greenwood-power.com\/de\/wp-json\/wp\/v2\/pages\/2092\/revisions"}],"predecessor-version":[{"id":7320,"href":"https:\/\/www.greenwood-power.com\/de\/wp-json\/wp\/v2\/pages\/2092\/revisions\/7320"}],"wp:attachment":[{"href":"https:\/\/www.greenwood-power.com\/de\/wp-json\/wp\/v2\/media?parent=2092"}],"curies":[{"name":"wp","href":"https:\/\/api.w.org\/{rel}","templated":true}]}}