{"id":2094,"date":"2023-03-04T10:50:15","date_gmt":"2023-03-04T10:50:15","guid":{"rendered":"https:\/\/www.greenwood-power.com\/wp_gwp20\/?page_id=2094"},"modified":"2026-03-10T13:55:43","modified_gmt":"2026-03-10T13:55:43","slug":"privacy-policy","status":"publish","type":"page","link":"https:\/\/www.greenwood-power.com\/de\/privacy-policy\/","title":{"rendered":"Privacy Policy"},"content":{"rendered":"<div class=\"et_pb_section_0 et_pb_section et_section_regular et_block_section\"><div class=\"et_pb_row_0 et_pb_row et_block_row\"><div class=\"et_pb_column_0 et_pb_column et_pb_column_4_4 et-last-child et_block_column et_pb_css_mix_blend_mode_passthrough\"><div class=\"et_pb_text_0 et_pb_text et_pb_bg_layout_light et_animated et_pb_module et_block_module\"><div class=\"et_pb_text_inner\"><h1><\/h1>\n<h1>Greenwood-Power Datenschutzerkl\u00e4rung<\/h1>\n<p>&nbsp;<\/p>\n<p>Greenwood Power betreibt die Website http:\/\/www.greenwood-power.com (im Folgenden \u201eder Dienst\u201c). Auf dieser Seite informieren wir Sie \u00fcber unsere Richtlinien bez\u00fcglich der Erfassung, Verwendung und Weitergabe personenbezogener Daten, wenn Sie unseren Dienst nutzen, sowie \u00fcber die Wahlm\u00f6glichkeiten, die Sie im Zusammenhang mit diesen Daten haben. Wir verwenden Ihre Daten, um den Dienst bereitzustellen und zu verbessern. Durch die Nutzung des Dienstes stimmen Sie der Erfassung und Verwendung von Informationen gem\u00e4\u00df dieser Richtlinie zu. Sofern in dieser Datenschutzrichtlinie nicht anders definiert, haben die in dieser Datenschutzrichtlinie verwendeten Begriffe die gleiche Bedeutung wie in unseren Allgemeinen Gesch\u00e4ftsbedingungen, unter <a href=\"https:\/\/www.greenwood-power.com\/de\/\">https:\/\/www.greenwood-power.com<\/a><\/p>\n<p>&nbsp;<\/p>\n<h2>Datenerfassung und -nutzung<\/h2>\n<p>Wir erfassen verschiedene Arten von Informationen zu unterschiedlichen Zwecken, um Ihnen unseren Dienst bereitzustellen und zu verbessern.<\/p>\n<h3>Arten der erfassten Daten<\/h3>\n<p>Wir erfassen verschiedene Arten von Informationen zu unterschiedlichen Zwecken, um Ihnen unseren Dienst bereitzustellen und zu verbessern.<\/p>\n<h4>Personenbezogene Daten<\/h4>\n<p>While using our Service, we may ask you to provide us with certain personally identifiable information that can be used to contact or identify you (\u201ePersonal Data\u201c). Personally identifiable information may include, but is not limited to: - Email address - First name and last name - Phone number - Address, State, Province, ZIP\/Postal code, City - Cookies and Usage Data<\/p>\n<h4>Nutzungsdaten<\/h4>\n<p>Wir k\u00f6nnen auch Informationen dar\u00fcber erfassen, wie auf den Dienst zugegriffen wird und wie er genutzt wird (\u201eNutzungsdaten\u201c). Diese Nutzungsdaten k\u00f6nnen Informationen wie die Internetprotokolladresse Ihres Computers (z. B. IP-Adresse), den Browsertyp, die Browserversion, die Seiten unseres Dienstes, die Sie besuchen, Datum und Uhrzeit Ihres Besuchs, die Dauer Ihres Aufenthalts auf diesen Seiten, eindeutige Ger\u00e4tekennungen und andere Diagnosedaten umfassen.<\/p>\n<h4>Tracking- und Cookie-Daten<\/h4>\n<p>Wir verwenden Cookies und \u00e4hnliche Tracking-Technologien, um die Aktivit\u00e4ten auf unserem Dienst zu verfolgen und bestimmte Informationen zu speichern. Cookies sind Dateien mit einer kleinen Menge an Daten, die eine anonyme eindeutige Kennung enthalten k\u00f6nnen. Cookies werden von einer Website an Ihren Browser gesendet und auf Ihrem Ger\u00e4t gespeichert. Zu den verwendeten Tracking-Technologien geh\u00f6ren au\u00dferdem Beacons, Tags und Skripte, die Informationen sammeln und verfolgen, um unseren Dienst zu verbessern und zu analysieren. Sie k\u00f6nnen Ihren Browser so einstellen, dass alle Cookies abgelehnt werden oder Sie benachrichtigt werden, wenn ein Cookie gesendet wird. Wenn Sie jedoch keine Cookies akzeptieren, k\u00f6nnen Sie m\u00f6glicherweise einige Teile unseres Dienstes nicht nutzen. Beispiele f\u00fcr von uns verwendete Cookies: Sitzungscookies. Wir verwenden Sitzungscookies, um unseren Dienst zu betreiben. Pr\u00e4ferenzcookies. Wir verwenden Pr\u00e4ferenzcookies, um Ihre Pr\u00e4ferenzen und verschiedene Einstellungen zu speichern. Sicherheitscookies. Wir verwenden Sicherheitscookies aus Sicherheitsgr\u00fcnden.<\/p>\n<h3>TranslatePress<\/h3>\n<p>This website uses the WordPress Plugin TranslatePress. TranslatePress uses a cookie for saving the choosen languages of users (\"language detection\"). The cookie is technically neccessary. Contact data and more about Translate Press can be found <a href=\"https:\/\/translatepress.com\/privacy-policy\/\">hier<\/a>.<\/p>\n<h3>Zweck der Datenverarbeitung<\/h3>\n<p>Greenwood Power verwendet die gesammelten Daten f\u00fcr verschiedene Zwecke: Zur Bereitstellung und Wartung des Dienstes,  Um Sie \u00fcber \u00c4nderungen an unserem Dienst zu informieren Um Ihnen die Teilnahme an interaktiven Funktionen unseres Dienstes zu erm\u00f6glichen, wenn Sie dies w\u00fcnschen, Zur Bereitstellung von Kundenservice und Support, Zur Durchf\u00fchrung von Analysen oder Bereitstellung wertvoller Informationen, um unseren Dienst zu verbessern, Um die Nutzung des Dienstes zu \u00fcberwachen Um technische Probleme zu erkennen, zu verhindern und zu beheben.<\/p>\n<h3>Daten\u00fcbertragung<\/h3>\n<p>Ihre Informationen, einschlie\u00dflich personenbezogener Daten, k\u00f6nnen auf Computer \u00fcbertragen und dort gespeichert werden, die sich au\u00dferhalb Ihres Bundeslandes, Ihrer Provinz, Ihres Landes oder einer anderen staatlichen Gerichtsbarkeit befinden, in der die Datenschutzgesetze von den Gesetzen Ihrer Gerichtsbarkeit abweichen k\u00f6nnen. Wenn Sie sich au\u00dferhalb \u00d6sterreichs befinden und sich daf\u00fcr entscheiden, uns Daten zur Verf\u00fcgung zu stellen, beachten Sie bitte, dass wir die Daten, einschlie\u00dflich personenbezogener Daten, nach \u00d6sterreich \u00fcbertragen und dort verarbeiten. Mit Ihrer Zustimmung zu dieser Datenschutzerkl\u00e4rung und der anschlie\u00dfenden \u00dcbermittlung solcher Daten erkl\u00e4ren Sie sich mit dieser \u00dcbertragung einverstanden. Greenwood Power wird alle angemessenen Ma\u00dfnahmen ergreifen, um sicherzustellen, dass Ihre Daten sicher und in \u00dcbereinstimmung mit dieser Datenschutzerkl\u00e4rung behandelt werden und eine \u00dcbertragung Ihrer personenbezogenen Daten an eine Organisation oder ein Land findet nur statt, wenn angemessene Schutzma\u00dfnahmen vorhanden sind, einschlie\u00dflich der Sicherheit Ihrer Daten und anderer pers\u00f6nlicher Informationen.<\/p>\n<p>&nbsp;<\/p>\n<h2>Offenlegung von Daten<\/h2>\n<h3>Gesetzliche Anforderungen<\/h3>\n<p>Greenwood Power kann Ihre personenbezogenen Daten in gutem Glauben offenlegen, wenn dies erforderlich ist, um: einer gesetzlichen Verpflichtung nachzukommen, die Rechte oder das Eigentum von Greenwood Power zu sch\u00fctzen und zu verteidigen, m\u00f6gliche Verst\u00f6\u00dfe im Zusammenhang mit dem Dienst zu verhindern oder zu untersuchen, die pers\u00f6nliche Sicherheit der Nutzer des Dienstes oder der \u00d6ffentlichkeit zu sch\u00fctzen und sich vor rechtlicher Haftung zu sch\u00fctzen.<\/p>\n<p>&nbsp;<\/p>\n<h2>Sicherheit der Daten<\/h2>\n<p>Die Sicherheit Ihrer Daten ist uns wichtig, jedoch beachten Sie bitte, dass keine \u00dcbertragungsmethode \u00fcber das Internet und keine Methode der elektronischen Speicherung zu 100\u202f% sicher ist. Wir bem\u00fchen uns zwar, handels\u00fcbliche Mittel zum Schutz Ihrer personenbezogenen Daten einzusetzen, k\u00f6nnen jedoch keine absolute Sicherheit garantieren.<\/p>\n<p>&nbsp;<\/p>\n<h2>Dienstleister<\/h2>\n<p>Wir k\u00f6nnen Drittunternehmen und Einzelpersonen besch\u00e4ftigen, um unseren Dienst zu erleichtern (\u201eDienstleister\u201c), den Dienst in unserem Auftrag bereitzustellen, dienstbezogene Leistungen zu erbringen oder uns bei der Analyse der Nutzung unseres Dienstes zu unterst\u00fctzen. Diese Drittparteien haben nur Zugriff auf Ihre personenbezogenen Daten, um diese Aufgaben in unserem Namen auszuf\u00fchren, und sind verpflichtet, diese nicht f\u00fcr andere Zwecke offenzulegen oder zu verwenden.<\/p>\n<h3>Analytik<\/h3>\n<p>Wir k\u00f6nnen Drittanbieter-Dienstleister einsetzen, um die Nutzung unseres Dienstes zu \u00fcberwachen und zu analysieren.<\/p>\n<h4>Google Analytics<\/h4>\n<p>Google Analytics ist ein Webanalysedienst von Google, der den Datenverkehr auf Websites verfolgt und Berichte dar\u00fcber erstellt. Google verwendet die gesammelten Daten, um die Nutzung unseres Dienstes zu \u00fcberwachen und auszuwerten. Diese Daten werden mit anderen Google-Diensten geteilt. Google kann die gesammelten Daten nutzen, um Werbung innerhalb seines eigenen Werbenetzwerks zu kontextualisieren und zu personalisieren. Sie k\u00f6nnen verhindern, dass Ihre Aktivit\u00e4ten auf unserem Dienst Google Analytics zur Verf\u00fcgung gestellt werden, indem Sie das Browser-Add-on zur Deaktivierung von Google Analytics installieren. Das Add-on verhindert, dass das JavaScript von Google Analytics (ga.js, analytics.js und dc.js) Informationen \u00fcber Besuchsaktivit\u00e4ten an Google Analytics weitergibt. Weitere Informationen zu den Datenschutzpraktiken von Google finden Sie auf der Webseite \u201eGoogle Datenschutz und Nutzungsbedingungen\u201c: <a href=\"https:\/\/policies.google.com\/privacy?hl=en\">https:\/\/policies.google.com\/privacy?hl=en.<\/a><\/p>\n<p>&nbsp;<\/p>\n<h2>Marketing<\/h2>\n<p>Wir k\u00f6nnen CRM-Tools (Customer Relationship Management) zur Erfassung und Verwaltung personenbezogener Daten potenzieller Kunden einsetzen. Wir versprechen, dass wir keine personenbezogenen Daten an Dritte oder andere Unternehmen weitergeben werden.<\/p>\n<h3>HubSpot CRM<\/h3>\n<p>HubSpot ist ein CRM-Tool (Customer Relationship Management), das dabei hilft, personenbezogene Daten zu speichern und f\u00fcr Marketingzwecke verf\u00fcgbar zu machen. HubSpot Inc hat seinen Hauptsitz in 5 First Street, 2nd Floor, Cambridge, MA 02141, USA, und Niederlassungen in One Dockland Central, Dublin 1 (Irland) und Am Postbahnhof 17, 10243 Berlin (Deutschland). Das Tool dient der effizienten und schnellen Bearbeitung von Nutzeranfragen, der Optimierung unseres Onlineangebotes und der Kundenverwaltung. Die Nutzung des CRM-Tools dient unseren berechtigten Interessen. Hierzu wurde mit HubSpot ein Vertrag mit sogenannten Standardvertragsklauseln abgeschlossen. HubSpot verpflichtet sich, die Nutzerdaten ausschlie\u00dflich gem\u00e4\u00df unseren Weisungen zu verarbeiten und die gesetzlichen Bestimmungen gem\u00e4\u00df den EU-Datenschutzstandards einzuhalten. Weitere Informationen zur Datenschutzerkl\u00e4rung von HubSpot finden Sie unter <a href=\"https:\/\/legal.hubspot.com\/dpa\">https:\/\/legal.hubspot.com\/dpa<\/a> und <a href=\"https:\/\/legal.hubspot.com\/privacy-policy\">https:\/\/legal.hubspot.com\/privacy-policy<\/a>.<\/p>\n<p>&nbsp;<\/p>\n<h2>Links zu anderen Websites<\/h2>\n<p>Unser Service kann Links zu anderen Websites enthalten, die nicht von uns betrieben werden. Wenn Sie auf einen Link eines Drittanbieters klicken, werden Sie zur Website dieses Drittanbieters weitergeleitet. Wir empfehlen Ihnen dringend, die Datenschutzrichtlinien jeder Website, die Sie besuchen, zu \u00fcberpr\u00fcfen. Wir haben keine Kontrolle \u00fcber den Inhalt, die Datenschutzrichtlinien oder die Praktiken von Websites oder Diensten Dritter und \u00fcbernehmen keine Verantwortung daf\u00fcr.<\/p>\n<p>&nbsp;<\/p>\n<h2>\u00c4nderungen dieser Datenschutzerkl\u00e4rung<\/h2>\n<p>Wir k\u00f6nnen unsere Datenschutzerkl\u00e4rung von Zeit zu Zeit aktualisieren. Wir werden Sie \u00fcber alle \u00c4nderungen informieren, indem wir die neue Datenschutzerkl\u00e4rung auf dieser Seite ver\u00f6ffentlichen. Wir werden Sie vor Inkrafttreten der \u00c4nderung per E-Mail und\/oder durch einen gut sichtbaren Hinweis auf unserer Website informieren und das \u201eDatum des Inkrafttretens\u201c oben in dieser Datenschutzerkl\u00e4rung aktualisieren. Wir empfehlen Ihnen, diese Datenschutzerkl\u00e4rung regelm\u00e4\u00dfig auf \u00c4nderungen zu \u00fcberpr\u00fcfen. \u00c4nderungen dieser Datenschutzerkl\u00e4rung treten mit ihrer Ver\u00f6ffentlichung auf dieser Seite in Kraft.<\/p>\n<p>&nbsp;<\/p>\n<h2>Kontaktieren Sie uns<\/h2>\n<p>Wenn Sie Fragen zu dieser Datenschutzerkl\u00e4rung haben, wenden Sie sich bitte an uns:<br \/>Per Email: <a href=\"mailto:office@greenwood-power.com\">office@greenwood-power.com<\/a><\/p>\n<\/div><\/div><\/div><\/div><\/div>","protected":false},"excerpt":{"rendered":"","protected":false},"author":1,"featured_media":0,"parent":0,"menu_order":0,"comment_status":"closed","ping_status":"closed","template":"","meta":{"content-type":"","om_disable_all_campaigns":false,"_monsterinsights_skip_tracking":false,"_monsterinsights_sitenote_active":false,"_monsterinsights_sitenote_note":"","_monsterinsights_sitenote_category":0,"_uf_show_specific_survey":0,"_uf_disable_surveys":false,"footnotes":""},"class_list":["post-2094","page","type-page","status-publish","hentry"],"yoast_head":"<!-- This site is optimized with the Yoast SEO plugin v24.5 - https:\/\/yoast.com\/wordpress\/plugins\/seo\/ -->\n<title>Privacy Policy - Greenwood-Power<\/title>\n<meta name=\"robots\" content=\"index, follow, max-snippet:-1, max-image-preview:large, max-video-preview:-1\" \/>\n<link rel=\"canonical\" href=\"https:\/\/www.greenwood-power.com\/de\/privacy-policy\/\" \/>\n<meta property=\"og:locale\" content=\"de_DE\" \/>\n<meta property=\"og:type\" content=\"article\" \/>\n<meta property=\"og:title\" content=\"Privacy Policy - Greenwood-Power\" \/>\n<meta property=\"og:url\" content=\"https:\/\/www.greenwood-power.com\/de\/privacy-policy\/\" \/>\n<meta property=\"og:site_name\" content=\"Greenwood-Power\" \/>\n<meta property=\"article:publisher\" content=\"https:\/\/www.facebook.com\/profile.php?id=100054245060738\" \/>\n<meta property=\"article:modified_time\" content=\"2026-03-10T13:55:43+00:00\" \/>\n<meta name=\"twitter:card\" content=\"summary_large_image\" \/>\n<script type=\"application\/ld+json\" class=\"yoast-schema-graph\">{\"@context\":\"https:\/\/schema.org\",\"@graph\":[{\"@type\":\"WebPage\",\"@id\":\"https:\/\/www.greenwood-power.com\/privacy-policy\/\",\"url\":\"https:\/\/www.greenwood-power.com\/privacy-policy\/\",\"name\":\"Privacy Policy - Greenwood-Power\",\"isPartOf\":{\"@id\":\"https:\/\/www.greenwood-power.com\/#website\"},\"datePublished\":\"2023-03-04T10:50:15+00:00\",\"dateModified\":\"2026-03-10T13:55:43+00:00\",\"breadcrumb\":{\"@id\":\"https:\/\/www.greenwood-power.com\/privacy-policy\/#breadcrumb\"},\"inLanguage\":\"de-AT\",\"potentialAction\":[{\"@type\":\"ReadAction\",\"target\":[\"https:\/\/www.greenwood-power.com\/privacy-policy\/\"]}]},{\"@type\":\"BreadcrumbList\",\"@id\":\"https:\/\/www.greenwood-power.com\/privacy-policy\/#breadcrumb\",\"itemListElement\":[{\"@type\":\"ListItem\",\"position\":1,\"name\":\"Home\",\"item\":\"https:\/\/www.greenwood-power.com\/\"},{\"@type\":\"ListItem\",\"position\":2,\"name\":\"Privacy Policy\"}]},{\"@type\":\"WebSite\",\"@id\":\"https:\/\/www.greenwood-power.com\/#website\",\"url\":\"https:\/\/www.greenwood-power.com\/\",\"name\":\"Greenwood-Power\",\"description\":\"Innovative Sensor Solutions\",\"publisher\":{\"@id\":\"https:\/\/www.greenwood-power.com\/#organization\"},\"potentialAction\":[{\"@type\":\"SearchAction\",\"target\":{\"@type\":\"EntryPoint\",\"urlTemplate\":\"https:\/\/www.greenwood-power.com\/?s={search_term_string}\"},\"query-input\":{\"@type\":\"PropertyValueSpecification\",\"valueRequired\":true,\"valueName\":\"search_term_string\"}}],\"inLanguage\":\"de-AT\"},{\"@type\":\"Organization\",\"@id\":\"https:\/\/www.greenwood-power.com\/#organization\",\"name\":\"Greenwood-Power\",\"url\":\"https:\/\/www.greenwood-power.com\/\",\"logo\":{\"@type\":\"ImageObject\",\"inLanguage\":\"de-AT\",\"@id\":\"https:\/\/www.greenwood-power.com\/#\/schema\/logo\/image\/\",\"url\":\"https:\/\/www.greenwood-power.com\/wp_gwp20\/wp-content\/uploads\/2023\/06\/logo-with-title-wheel-right.png\",\"contentUrl\":\"https:\/\/www.greenwood-power.com\/wp_gwp20\/wp-content\/uploads\/2023\/06\/logo-with-title-wheel-right.png\",\"width\":3188,\"height\":1006,\"caption\":\"Greenwood-Power\"},\"image\":{\"@id\":\"https:\/\/www.greenwood-power.com\/#\/schema\/logo\/image\/\"},\"sameAs\":[\"https:\/\/www.facebook.com\/profile.php?id=100054245060738\",\"https:\/\/www.linkedin.com\/company\/28493292\",\"https:\/\/www.instagram.com\/greenwood_power\/\"]}]}<\/script>\n<!-- \/ Yoast SEO plugin. -->","yoast_head_json":{"title":"Privacy Policy - Greenwood-Power","robots":{"index":"index","follow":"follow","max-snippet":"max-snippet:-1","max-image-preview":"max-image-preview:large","max-video-preview":"max-video-preview:-1"},"canonical":"https:\/\/www.greenwood-power.com\/de\/privacy-policy\/","og_locale":"de_DE","og_type":"article","og_title":"Privacy Policy - Greenwood-Power","og_url":"https:\/\/www.greenwood-power.com\/de\/privacy-policy\/","og_site_name":"Greenwood-Power","article_publisher":"https:\/\/www.facebook.com\/profile.php?id=100054245060738","article_modified_time":"2026-03-10T13:55:43+00:00","twitter_card":"summary_large_image","schema":{"@context":"https:\/\/schema.org","@graph":[{"@type":"WebPage","@id":"https:\/\/www.greenwood-power.com\/privacy-policy\/","url":"https:\/\/www.greenwood-power.com\/privacy-policy\/","name":"Privacy Policy - Greenwood-Power","isPartOf":{"@id":"https:\/\/www.greenwood-power.com\/#website"},"datePublished":"2023-03-04T10:50:15+00:00","dateModified":"2026-03-10T13:55:43+00:00","breadcrumb":{"@id":"https:\/\/www.greenwood-power.com\/privacy-policy\/#breadcrumb"},"inLanguage":"de-AT","potentialAction":[{"@type":"ReadAction","target":["https:\/\/www.greenwood-power.com\/privacy-policy\/"]}]},{"@type":"BreadcrumbList","@id":"https:\/\/www.greenwood-power.com\/privacy-policy\/#breadcrumb","itemListElement":[{"@type":"ListItem","position":1,"name":"Home","item":"https:\/\/www.greenwood-power.com\/"},{"@type":"ListItem","position":2,"name":"Privacy Policy"}]},{"@type":"WebSite","@id":"https:\/\/www.greenwood-power.com\/#website","url":"https:\/\/www.greenwood-power.com\/","name":"Greenwood-Power","description":"Innovative Sensor Solutions","publisher":{"@id":"https:\/\/www.greenwood-power.com\/#organization"},"potentialAction":[{"@type":"SearchAction","target":{"@type":"EntryPoint","urlTemplate":"https:\/\/www.greenwood-power.com\/?s={search_term_string}"},"query-input":{"@type":"PropertyValueSpecification","valueRequired":true,"valueName":"search_term_string"}}],"inLanguage":"de-AT"},{"@type":"Organization","@id":"https:\/\/www.greenwood-power.com\/#organization","name":"Greenwood-Power","url":"https:\/\/www.greenwood-power.com\/","logo":{"@type":"ImageObject","inLanguage":"de-AT","@id":"https:\/\/www.greenwood-power.com\/#\/schema\/logo\/image\/","url":"https:\/\/www.greenwood-power.com\/wp_gwp20\/wp-content\/uploads\/2023\/06\/logo-with-title-wheel-right.png","contentUrl":"https:\/\/www.greenwood-power.com\/wp_gwp20\/wp-content\/uploads\/2023\/06\/logo-with-title-wheel-right.png","width":3188,"height":1006,"caption":"Greenwood-Power"},"image":{"@id":"https:\/\/www.greenwood-power.com\/#\/schema\/logo\/image\/"},"sameAs":["https:\/\/www.facebook.com\/profile.php?id=100054245060738","https:\/\/www.linkedin.com\/company\/28493292","https:\/\/www.instagram.com\/greenwood_power\/"]}]}},"_links":{"self":[{"href":"https:\/\/www.greenwood-power.com\/de\/wp-json\/wp\/v2\/pages\/2094","targetHints":{"allow":["GET"]}}],"collection":[{"href":"https:\/\/www.greenwood-power.com\/de\/wp-json\/wp\/v2\/pages"}],"about":[{"href":"https:\/\/www.greenwood-power.com\/de\/wp-json\/wp\/v2\/types\/page"}],"author":[{"embeddable":true,"href":"https:\/\/www.greenwood-power.com\/de\/wp-json\/wp\/v2\/users\/1"}],"replies":[{"embeddable":true,"href":"https:\/\/www.greenwood-power.com\/de\/wp-json\/wp\/v2\/comments?post=2094"}],"version-history":[{"count":12,"href":"https:\/\/www.greenwood-power.com\/de\/wp-json\/wp\/v2\/pages\/2094\/revisions"}],"predecessor-version":[{"id":7321,"href":"https:\/\/www.greenwood-power.com\/de\/wp-json\/wp\/v2\/pages\/2094\/revisions\/7321"}],"wp:attachment":[{"href":"https:\/\/www.greenwood-power.com\/de\/wp-json\/wp\/v2\/media?parent=2094"}],"curies":[{"name":"wp","href":"https:\/\/api.w.org\/{rel}","templated":true}]}}