{"id":2532,"date":"2023-03-08T14:13:30","date_gmt":"2023-03-08T14:13:30","guid":{"rendered":"https:\/\/www.greenwood-power.com\/wp_gwp20\/?page_id=2532"},"modified":"2026-03-10T13:56:04","modified_gmt":"2026-03-10T13:56:04","slug":"our-values","status":"publish","type":"page","link":"https:\/\/www.greenwood-power.com\/de\/our-values\/","title":{"rendered":"Our values"},"content":{"rendered":"<div class=\"et_pb_section_0 et_pb_section et_section_regular et_block_section\" id=\"oil-transformers\"><div class=\"et_pb_row_0 et_pb_row et_block_row et_animated\"><div class=\"et_pb_column_0 et_pb_column et_pb_column_4_4 et-last-child et_block_column et_pb_css_mix_blend_mode_passthrough\"><div class=\"et_pb_text_0 et_pb_text et_pb_bg_layout_light et_animated et_pb_module et_block_module\"><div class=\"et_pb_text_inner\"><h1>Unsere Werte<\/h1>\n<\/div><\/div><div class=\"et_pb_text_1 et_pb_text et_pb_bg_layout_light et_animated et_pb_module et_block_module\"><div class=\"et_pb_text_inner\"><h2>Unsere Vision<\/h2>\n<p>We believe deeply in a world that gets increasingly better over time. A healthier world that future generations will inherit. Since its founding, Greenwood Power has been laser focused on the intersections between intelligent and innovate design, electrotechnical engineering principles, production, transmission, distribution, grid management, and communication technologies - that are ever enhanced by a large variety of sensor solutions, be they conventional or, increasingly, non-conventional.<\/p>\n<p>Wir wollen zu den weltweit f\u00fchrenden Innovatoren im Bereich nicht-konventioneller Messwandler geh\u00f6ren \u2013 f\u00fcr jede Spannungsebene und jede Art von Installation. Auch wenn der Weg zu unseren ambitionierten Zielen noch lang ist, begegnen wir jedem neuen Tag mit Optimismus und Offenheit.<br \/>Nur durch die Einhaltung der h\u00f6chsten Industriestandards kann ein wirkliches Smart Grid realisiert werden. Dementsprechend wird jeder Greenwood-Power-Sensor sorgf\u00e4ltig entworfen, konstruiert, produziert, kalibriert, gepr\u00fcft und erst dann an den Kunden ausgeliefert. Dabei werden streng die strengen Normen der International Electrotechnical Commission (IEC) beachtet, um die h\u00f6chste Messgenauigkeit, Temperatur- und Frequenzstabilit\u00e4t auf dem Markt zu gew\u00e4hrleisten.<\/p>\n<p>&nbsp;<\/p>\n<h2>Unsere Mission<\/h2>\n<p>Eine unserer obersten Priorit\u00e4ten in diesem Prozess ist stets, die Bed\u00fcrfnisse unserer Kunden in den Mittelpunkt zu stellen \u2013 ihre Anforderungen pr\u00e4zise zu erfassen, zu verstehen und effizient umzusetzen.<br \/>Wir sind sehr stolz darauf, eines der besten Preis-Leistungs-Verh\u00e4ltnisse auf dem Weltmarkt im Bereich Spannungs- und Stromsensoren zu bieten \u2013 und auf ein Forschungs- und Entwicklungsteam, das auf Branchenkonferenzen f\u00fcr Aufsehen sorgt.<\/p>\n<p>&nbsp;<\/p>\n<h2>Unsere Werte<\/h2>\n<p>All das w\u00e4re nicht m\u00f6glich, ohne anzuerkennen, dass unsere Mitarbeiter der Schl\u00fcssel zum Erfolg von uns, unseren Partnern und unseren Kunden sind. Ihre Einsatzbereitschaft und ihr Ehrgeiz bilden das Fundament, auf dem Greenwood Power aufgebaut wurde, heute steht und auch in Zukunft weiterw\u00e4chst.<br \/>We lead through our day-to-day actions, attitude, and deliverables. This is Greenwood Power's mentality, in addition to a strong work ethic and a commitment to team diversity and inclusivity.<\/p>\n<p>&nbsp;<\/p>\n<h2>Nachhaltigkeitsziele, f\u00fcr die wir stehen:<\/h2>\n<\/div><\/div><\/div><\/div><div class=\"et_pb_row_1 et_pb_row et_pb_row_5col et_block_row et_block_row_5col\"><div class=\"et_pb_column_1 et_pb_column et_pb_column_1_5 et_block_column et_pb_css_mix_blend_mode_passthrough\"><div class=\"et_pb_text_2 et_pb_text et_pb_bg_layout_light et_pb_module et_block_module flip-card-rotate-right\"><div class=\"et_pb_text_inner\"><div class=\"flip-card\">\n<div class=\"flip-card-inner\">\n<div class=\"flip-card-front\">\n<p><img loading=\"lazy\" decoding=\"async\" src=\"https:\/\/www.greenwood-power.com\/wp_gwp20\/wp-content\/uploads\/2023\/02\/Gender-Equality.jpg\" alt=\"Gender Equality Icon\" class=\"wp-image-1432 size-full\" width=\"225\" height=\"225\" srcset=\"https:\/\/www.greenwood-power.com\/wp_gwp20\/wp-content\/uploads\/2023\/02\/Gender-Equality.jpg 225w, https:\/\/www.greenwood-power.com\/wp_gwp20\/wp-content\/uploads\/2023\/02\/Gender-Equality-150x150.jpg 150w\" sizes=\"(max-width: 225px) 100vw, 225px\" \/><\/p>\n<\/div>\n<div class=\"flip-card-back\">\n<div class=\"flip-card-back-inner\">\n<p>Bei GWP betr\u00e4gt der Frauenanteil inzwischen 30 % \u2013 Tendenz steigend!<\/p>\n<\/div>\n<\/div>\n<\/div>\n<\/div>\n<\/div><\/div><\/div><div class=\"et_pb_column_2 et_pb_column et_pb_column_1_5 et_block_column et_pb_css_mix_blend_mode_passthrough\"><div class=\"et_pb_text_3 et_pb_text et_pb_bg_layout_light et_pb_module et_block_module flip-card-rotate-right\"><div class=\"et_pb_text_inner\"><div class=\"flip-card\">\n<div class=\"flip-card-inner\">\n<div class=\"flip-card-front\">\n<p><img loading=\"lazy\" decoding=\"async\" src=\"https:\/\/www.greenwood-power.com\/wp_gwp20\/wp-content\/uploads\/2023\/02\/Affordable-and-clean-energy.jpg\" alt=\"Affordable and clean energy icon\" class=\"wp-image-1437 size-full\" width=\"225\" height=\"225\" srcset=\"https:\/\/www.greenwood-power.com\/wp_gwp20\/wp-content\/uploads\/2023\/02\/Affordable-and-clean-energy.jpg 225w, https:\/\/www.greenwood-power.com\/wp_gwp20\/wp-content\/uploads\/2023\/02\/Affordable-and-clean-energy-150x150.jpg 150w\" sizes=\"(max-width: 225px) 100vw, 225px\" \/><\/p>\n<\/div>\n<div class=\"flip-card-back\">\n<div class=\"flip-card-back-inner\">\n<p>Die von uns entwickelten Sensoren leisten einen Beitrag zur Modernisierung, Effizienzsteigerung und zum Ausbau erneuerbarer Energien im Stromnetz, indem sie Netzbetreibern jederzeit pr\u00e4zise Strom- und Spannungsdaten bereitstellen.<\/p>\n<\/div>\n<\/div>\n<\/div>\n<\/div>\n<\/div><\/div><\/div><div class=\"et_pb_column_3 et_pb_column et_pb_column_1_5 et_block_column et_pb_css_mix_blend_mode_passthrough\"><div class=\"et_pb_text_4 et_pb_text et_pb_bg_layout_light et_pb_module et_block_module flip-card-rotate-right\"><div class=\"et_pb_text_inner\"><div class=\"flip-card\">\n<div class=\"flip-card-inner\">\n<div class=\"flip-card-front\">\n<p><img loading=\"lazy\" decoding=\"async\" src=\"https:\/\/www.greenwood-power.com\/wp_gwp20\/wp-content\/uploads\/2023\/02\/Industry.jpg\" alt=\"Industry, innovation and infrastructure icon\" class=\"wp-image-1439 size-full\" width=\"225\" height=\"225\" srcset=\"https:\/\/www.greenwood-power.com\/wp_gwp20\/wp-content\/uploads\/2023\/02\/Industry.jpg 225w, https:\/\/www.greenwood-power.com\/wp_gwp20\/wp-content\/uploads\/2023\/02\/Industry-150x150.jpg 150w\" sizes=\"(max-width: 225px) 100vw, 225px\" \/><\/p>\n<\/div>\n<div class=\"flip-card-back\">\n<div class=\"flip-card-back-inner\">\n<p>Unsere GWP-Sensoren sorgen f\u00fcr ein zuverl\u00e4ssiges und robustes Energiesystem \u2013 und sichern die Spannungsqualit\u00e4t selbst bei einem hohen Anteil erneuerbarer Energien.<\/p>\n<\/div>\n<\/div>\n<\/div>\n<\/div>\n<\/div><\/div><\/div><div class=\"et_pb_column_4 et_pb_column et_pb_column_1_5 et_block_column et_pb_css_mix_blend_mode_passthrough\"><div class=\"et_pb_text_5 et_pb_text et_pb_bg_layout_light et_pb_module et_block_module flip-card-rotate-right\"><div class=\"et_pb_text_inner\"><div class=\"flip-card\">\n<div class=\"flip-card-inner\">\n<div class=\"flip-card-front\">\n<p><img loading=\"lazy\" decoding=\"async\" src=\"https:\/\/www.greenwood-power.com\/wp_gwp20\/wp-content\/uploads\/2023\/02\/Sustainable.jpg\" alt=\"Sustainable cities and communities icon\" class=\"wp-image-1443 size-full\" width=\"225\" height=\"225\" srcset=\"https:\/\/www.greenwood-power.com\/wp_gwp20\/wp-content\/uploads\/2023\/02\/Sustainable.jpg 225w, https:\/\/www.greenwood-power.com\/wp_gwp20\/wp-content\/uploads\/2023\/02\/Sustainable-150x150.jpg 150w\" sizes=\"(max-width: 225px) 100vw, 225px\" \/><\/p>\n<\/div>\n<div class=\"flip-card-back\">\n<div class=\"flip-card-back-inner\">\n<p>Unsere Sensoren st\u00e4rken die Widerstandsf\u00e4higkeit und Nachhaltigkeit des Stromnetzes \u2013 und helfen, einen weiteren Anstieg der Strompreise zu vermeiden.<\/p>\n<\/div>\n<\/div>\n<\/div>\n<\/div>\n<\/div><\/div><\/div><div class=\"et_pb_column_5 et_pb_column et_pb_column_1_5 et-last-child et_block_column et_pb_css_mix_blend_mode_passthrough\"><div class=\"et_pb_text_6 et_pb_text et_pb_bg_layout_light et_pb_module et_block_module flip-card-rotate-right\"><div class=\"et_pb_text_inner\"><div class=\"flip-card\">\n<div class=\"flip-card-inner\">\n<div class=\"flip-card-front\">\n<p><img loading=\"lazy\" decoding=\"async\" src=\"https:\/\/www.greenwood-power.com\/wp_gwp20\/wp-content\/uploads\/2023\/02\/Climate-Action.png\" alt=\"Climate action icon\" class=\"wp-image-1444 size-full\" width=\"225\" height=\"225\" srcset=\"https:\/\/www.greenwood-power.com\/wp_gwp20\/wp-content\/uploads\/2023\/02\/Climate-Action.png 225w, https:\/\/www.greenwood-power.com\/wp_gwp20\/wp-content\/uploads\/2023\/02\/Climate-Action-150x150.png 150w\" sizes=\"(max-width: 225px) 100vw, 225px\" \/><\/p>\n<\/div>\n<div class=\"flip-card-back\">\n<div class=\"flip-card-back-inner\">\n<p>Mit GWP-Sensoren wird das Stromnetz transparent: Netzbetreiber erhalten jederzeit Einblick in den Betriebszustand, k\u00f6nnen schnell auf klimabedingte Wetter\u00e4nderungen reagieren und die Lebensdauer der Leitungen optimieren.<\/p>\n<\/div>\n<\/div>\n<\/div>\n<\/div>\n<\/div><\/div><\/div><\/div><\/div><div class=\"et_pb_section_1 et_pb_section et_section_regular et_block_section\"><div class=\"et_pb_row_2 et_pb_row et_block_row\"><div class=\"et_pb_column_6 et_pb_column et_pb_column_3_5 et_block_column et_pb_css_mix_blend_mode_passthrough\"><div class=\"et_pb_text_7 et_pb_text et_pb_bg_layout_light et_pb_module et_block_module\"><div class=\"et_pb_text_inner\"><h3>Haben Sie Fragen?<\/h3>\n<p><span style=\"color: #009345;\">Unser Team beantwortet Ihre Fragen gerne.<\/span><\/p>\n<\/div><\/div><\/div><div class=\"et_pb_column_7 et_pb_column et_pb_column_2_5 et-last-child et_block_column et_pb_css_mix_blend_mode_passthrough\"><div class=\"et_pb_text_8 et_pb_text et_pb_bg_layout_light et_pb_module et_block_module\"><div class=\"et_pb_text_inner\"><h3>Wir freuen uns darauf, mit Ihnen in Kontakt zu treten!<br \/><span style=\"color: #009345;\"><\/span><\/h3>\n<\/div><\/div><div class=\"et_pb_module et_pb_button_module_wrapper et_pb_button_0_wrapper\"><a class=\"et_pb_button_0 et_pb_button et_pb_bg_layout_light et_pb_module et_block_module\" href=\"https:\/\/www.greenwood-power.com\/de\/contact\/\">Jetzt kontaktieren<\/a><\/div><\/div><\/div><\/div>","protected":false},"excerpt":{"rendered":"","protected":false},"author":1,"featured_media":0,"parent":0,"menu_order":0,"comment_status":"closed","ping_status":"closed","template":"","meta":{"content-type":"","om_disable_all_campaigns":false,"_monsterinsights_skip_tracking":false,"_monsterinsights_sitenote_active":false,"_monsterinsights_sitenote_note":"","_monsterinsights_sitenote_category":0,"_uf_show_specific_survey":0,"_uf_disable_surveys":false,"footnotes":""},"class_list":["post-2532","page","type-page","status-publish","hentry"],"yoast_head":"<!-- This site is optimized with the Yoast SEO plugin v24.5 - https:\/\/yoast.com\/wordpress\/plugins\/seo\/ -->\n<title>Our values - Greenwood-Power<\/title>\n<meta name=\"description\" content=\"We believe deeply in a world that gets increasingly better over time. Greenwood Power lives a commitment to team diversity and inclusivity.\" \/>\n<meta name=\"robots\" content=\"index, follow, max-snippet:-1, max-image-preview:large, max-video-preview:-1\" \/>\n<link rel=\"canonical\" href=\"https:\/\/www.greenwood-power.com\/de\/our-values\/\" \/>\n<meta property=\"og:locale\" content=\"de_DE\" \/>\n<meta property=\"og:type\" content=\"article\" \/>\n<meta property=\"og:title\" content=\"Our values - Greenwood-Power\" \/>\n<meta property=\"og:description\" content=\"We believe deeply in a world that gets increasingly better over time. Greenwood Power lives a commitment to team diversity and inclusivity.\" \/>\n<meta property=\"og:url\" content=\"https:\/\/www.greenwood-power.com\/de\/our-values\/\" \/>\n<meta property=\"og:site_name\" content=\"Greenwood-Power\" \/>\n<meta property=\"article:publisher\" content=\"https:\/\/www.facebook.com\/profile.php?id=100054245060738\" \/>\n<meta property=\"article:modified_time\" content=\"2026-03-10T13:56:04+00:00\" \/>\n<meta property=\"og:image\" content=\"https:\/\/www.greenwood-power.com\/wp_gwp20\/wp-content\/uploads\/2023\/02\/Gender-Equality.jpg\" \/>\n\t<meta property=\"og:image:width\" content=\"225\" \/>\n\t<meta property=\"og:image:height\" content=\"225\" \/>\n\t<meta property=\"og:image:type\" content=\"image\/jpeg\" \/>\n<meta name=\"twitter:card\" content=\"summary_large_image\" \/>\n<meta name=\"twitter:label1\" content=\"Gesch\u00e4tzte Lesezeit\" \/>\n\t<meta name=\"twitter:data1\" content=\"4 Minuten\" \/>\n<script type=\"application\/ld+json\" class=\"yoast-schema-graph\">{\"@context\":\"https:\/\/schema.org\",\"@graph\":[{\"@type\":\"WebPage\",\"@id\":\"https:\/\/www.greenwood-power.com\/our-values\/\",\"url\":\"https:\/\/www.greenwood-power.com\/our-values\/\",\"name\":\"Our values - Greenwood-Power\",\"isPartOf\":{\"@id\":\"https:\/\/www.greenwood-power.com\/#website\"},\"datePublished\":\"2023-03-08T14:13:30+00:00\",\"dateModified\":\"2026-03-10T13:56:04+00:00\",\"description\":\"We believe deeply in a world that gets increasingly better over time. Greenwood Power lives a commitment to team diversity and inclusivity.\",\"breadcrumb\":{\"@id\":\"https:\/\/www.greenwood-power.com\/our-values\/#breadcrumb\"},\"inLanguage\":\"de-AT\",\"potentialAction\":[{\"@type\":\"ReadAction\",\"target\":[\"https:\/\/www.greenwood-power.com\/our-values\/\"]}]},{\"@type\":\"BreadcrumbList\",\"@id\":\"https:\/\/www.greenwood-power.com\/our-values\/#breadcrumb\",\"itemListElement\":[{\"@type\":\"ListItem\",\"position\":1,\"name\":\"Home\",\"item\":\"https:\/\/www.greenwood-power.com\/\"},{\"@type\":\"ListItem\",\"position\":2,\"name\":\"Our values\"}]},{\"@type\":\"WebSite\",\"@id\":\"https:\/\/www.greenwood-power.com\/#website\",\"url\":\"https:\/\/www.greenwood-power.com\/\",\"name\":\"Greenwood-Power\",\"description\":\"Innovative Sensor Solutions\",\"publisher\":{\"@id\":\"https:\/\/www.greenwood-power.com\/#organization\"},\"potentialAction\":[{\"@type\":\"SearchAction\",\"target\":{\"@type\":\"EntryPoint\",\"urlTemplate\":\"https:\/\/www.greenwood-power.com\/?s={search_term_string}\"},\"query-input\":{\"@type\":\"PropertyValueSpecification\",\"valueRequired\":true,\"valueName\":\"search_term_string\"}}],\"inLanguage\":\"de-AT\"},{\"@type\":\"Organization\",\"@id\":\"https:\/\/www.greenwood-power.com\/#organization\",\"name\":\"Greenwood-Power\",\"url\":\"https:\/\/www.greenwood-power.com\/\",\"logo\":{\"@type\":\"ImageObject\",\"inLanguage\":\"de-AT\",\"@id\":\"https:\/\/www.greenwood-power.com\/#\/schema\/logo\/image\/\",\"url\":\"https:\/\/www.greenwood-power.com\/wp_gwp20\/wp-content\/uploads\/2023\/06\/logo-with-title-wheel-right.png\",\"contentUrl\":\"https:\/\/www.greenwood-power.com\/wp_gwp20\/wp-content\/uploads\/2023\/06\/logo-with-title-wheel-right.png\",\"width\":3188,\"height\":1006,\"caption\":\"Greenwood-Power\"},\"image\":{\"@id\":\"https:\/\/www.greenwood-power.com\/#\/schema\/logo\/image\/\"},\"sameAs\":[\"https:\/\/www.facebook.com\/profile.php?id=100054245060738\",\"https:\/\/www.linkedin.com\/company\/28493292\",\"https:\/\/www.instagram.com\/greenwood_power\/\"]}]}<\/script>\n<!-- \/ Yoast SEO plugin. -->","yoast_head_json":{"title":"Our values - Greenwood-Power","description":"We believe deeply in a world that gets increasingly better over time. Greenwood Power lives a commitment to team diversity and inclusivity.","robots":{"index":"index","follow":"follow","max-snippet":"max-snippet:-1","max-image-preview":"max-image-preview:large","max-video-preview":"max-video-preview:-1"},"canonical":"https:\/\/www.greenwood-power.com\/de\/our-values\/","og_locale":"de_DE","og_type":"article","og_title":"Our values - Greenwood-Power","og_description":"We believe deeply in a world that gets increasingly better over time. Greenwood Power lives a commitment to team diversity and inclusivity.","og_url":"https:\/\/www.greenwood-power.com\/de\/our-values\/","og_site_name":"Greenwood-Power","article_publisher":"https:\/\/www.facebook.com\/profile.php?id=100054245060738","article_modified_time":"2026-03-10T13:56:04+00:00","og_image":[{"width":225,"height":225,"url":"https:\/\/www.greenwood-power.com\/wp_gwp20\/wp-content\/uploads\/2023\/02\/Gender-Equality.jpg","type":"image\/jpeg"}],"twitter_card":"summary_large_image","twitter_misc":{"Gesch\u00e4tzte Lesezeit":"4 Minuten"},"schema":{"@context":"https:\/\/schema.org","@graph":[{"@type":"WebPage","@id":"https:\/\/www.greenwood-power.com\/our-values\/","url":"https:\/\/www.greenwood-power.com\/our-values\/","name":"Our values - Greenwood-Power","isPartOf":{"@id":"https:\/\/www.greenwood-power.com\/#website"},"datePublished":"2023-03-08T14:13:30+00:00","dateModified":"2026-03-10T13:56:04+00:00","description":"We believe deeply in a world that gets increasingly better over time. Greenwood Power lives a commitment to team diversity and inclusivity.","breadcrumb":{"@id":"https:\/\/www.greenwood-power.com\/our-values\/#breadcrumb"},"inLanguage":"de-AT","potentialAction":[{"@type":"ReadAction","target":["https:\/\/www.greenwood-power.com\/our-values\/"]}]},{"@type":"BreadcrumbList","@id":"https:\/\/www.greenwood-power.com\/our-values\/#breadcrumb","itemListElement":[{"@type":"ListItem","position":1,"name":"Home","item":"https:\/\/www.greenwood-power.com\/"},{"@type":"ListItem","position":2,"name":"Our values"}]},{"@type":"WebSite","@id":"https:\/\/www.greenwood-power.com\/#website","url":"https:\/\/www.greenwood-power.com\/","name":"Greenwood-Power","description":"Innovative Sensor Solutions","publisher":{"@id":"https:\/\/www.greenwood-power.com\/#organization"},"potentialAction":[{"@type":"SearchAction","target":{"@type":"EntryPoint","urlTemplate":"https:\/\/www.greenwood-power.com\/?s={search_term_string}"},"query-input":{"@type":"PropertyValueSpecification","valueRequired":true,"valueName":"search_term_string"}}],"inLanguage":"de-AT"},{"@type":"Organization","@id":"https:\/\/www.greenwood-power.com\/#organization","name":"Greenwood-Power","url":"https:\/\/www.greenwood-power.com\/","logo":{"@type":"ImageObject","inLanguage":"de-AT","@id":"https:\/\/www.greenwood-power.com\/#\/schema\/logo\/image\/","url":"https:\/\/www.greenwood-power.com\/wp_gwp20\/wp-content\/uploads\/2023\/06\/logo-with-title-wheel-right.png","contentUrl":"https:\/\/www.greenwood-power.com\/wp_gwp20\/wp-content\/uploads\/2023\/06\/logo-with-title-wheel-right.png","width":3188,"height":1006,"caption":"Greenwood-Power"},"image":{"@id":"https:\/\/www.greenwood-power.com\/#\/schema\/logo\/image\/"},"sameAs":["https:\/\/www.facebook.com\/profile.php?id=100054245060738","https:\/\/www.linkedin.com\/company\/28493292","https:\/\/www.instagram.com\/greenwood_power\/"]}]}},"_links":{"self":[{"href":"https:\/\/www.greenwood-power.com\/de\/wp-json\/wp\/v2\/pages\/2532","targetHints":{"allow":["GET"]}}],"collection":[{"href":"https:\/\/www.greenwood-power.com\/de\/wp-json\/wp\/v2\/pages"}],"about":[{"href":"https:\/\/www.greenwood-power.com\/de\/wp-json\/wp\/v2\/types\/page"}],"author":[{"embeddable":true,"href":"https:\/\/www.greenwood-power.com\/de\/wp-json\/wp\/v2\/users\/1"}],"replies":[{"embeddable":true,"href":"https:\/\/www.greenwood-power.com\/de\/wp-json\/wp\/v2\/comments?post=2532"}],"version-history":[{"count":9,"href":"https:\/\/www.greenwood-power.com\/de\/wp-json\/wp\/v2\/pages\/2532\/revisions"}],"predecessor-version":[{"id":7336,"href":"https:\/\/www.greenwood-power.com\/de\/wp-json\/wp\/v2\/pages\/2532\/revisions\/7336"}],"wp:attachment":[{"href":"https:\/\/www.greenwood-power.com\/de\/wp-json\/wp\/v2\/media?parent=2532"}],"curies":[{"name":"wp","href":"https:\/\/api.w.org\/{rel}","templated":true}]}}