{"id":2662,"date":"2023-03-09T12:11:31","date_gmt":"2023-03-09T12:11:31","guid":{"rendered":"https:\/\/www.greenwood-power.com\/wp_gwp20\/?page_id=2662"},"modified":"2026-04-23T13:55:23","modified_gmt":"2026-04-23T13:55:23","slug":"exxxt-xx","status":"publish","type":"page","link":"https:\/\/www.greenwood-power.com\/de\/products\/current-sensors\/exxxt-xx\/","title":{"rendered":"ExxxT-xx"},"content":{"rendered":"<div class=\"et_pb_section_0 et_pb_section et_section_regular et_block_section\">\n<div class=\"et_pb_row_0 et_pb_row et_pb_equal_columns et_block_row\">\n<div class=\"et_pb_column_0 et_pb_column et_pb_column_1_2 et_block_column et_pb_css_mix_blend_mode_passthrough pa-inline-buttons\">\n<div class=\"et_pb_image_0 et_pb_image et_animated et_pb_module et_block_module\"><span class=\"et_pb_image_wrap\"><img loading=\"lazy\" decoding=\"async\" src=\"https:\/\/www.greenwood-power.com\/wp_gwp20\/wp-content\/uploads\/2025\/01\/ExxxT-xx2-400x400px-300x300.png\" width=\"300\" height=\"300\" srcset=\"https:\/\/www.greenwood-power.com\/wp_gwp20\/wp-content\/uploads\/2025\/01\/ExxxT-xx2-400x400px-300x300.png 300w, https:\/\/www.greenwood-power.com\/wp_gwp20\/wp-content\/uploads\/2025\/01\/ExxxT-xx2-400x400px-150x150.png 150w, https:\/\/www.greenwood-power.com\/wp_gwp20\/wp-content\/uploads\/2025\/01\/ExxxT-xx2-400x400px.png 400w\" sizes=\"(max-width: 300px) 100vw, 300px\" class=\"wp-image-5159\" title=\"ExxxT-xx2 400x400px\" alt=\"ExxxT-xx2\" \/><\/span><\/div>\n\n<div class=\"et_pb_text_0 et_pb_text et_pb_bg_layout_light et_animated et_pb_module et_block_module\"><div class=\"et_pb_text_inner\"><h1>ExxxT-xx<\/h1>\n<h4>Stromsensor f\u00fcr Nachr\u00fcstinstallationen im Split-Core-Design<\/h4>\n<\/div><\/div>\n\n<div class=\"et_pb_module et_pb_button_module_wrapper et_pb_button_0_wrapper\"><a class=\"et_pb_button_0 et_pb_button et_pb_bg_layout_light et_animated et_pb_module et_block_module\" href=\"https:\/\/www.greenwood-power.com\/wp_gwp20\/wp-content\/uploads\/2026\/04\/GWP-ExxxT-universal-technical-drawing.pdf\" target=\"_blank\">Datenblatt herunterladen<\/a><\/div>\n\n<div class=\"et_pb_module et_pb_button_module_wrapper et_pb_button_1_wrapper\"><a class=\"et_pb_button_1 et_pb_button et_pb_bg_layout_light et_pb_module et_block_module\" href=\"https:\/\/www.greenwood-power.com\/de\/contact-us\/\" target=\"_blank\">Jetzt kontaktieren<\/a><\/div>\n<\/div>\n\n<div class=\"et_pb_column_1 et_pb_column et_pb_column_1_2 et-last-child et_block_column et_pb_css_mix_blend_mode_passthrough\">\n<div class=\"et_pb_text_1 et_pb_text et_pb_bg_layout_light et_animated et_pb_module et_block_module\"><div class=\"et_pb_text_inner\"><h2>PRODUKTBESCHREIBUNG<\/h2>\n<p>Der Stromsensor ExxxT-xx ist f\u00fcr die Installation an den Kabeln einer Gas- oder Luftisolierten Schaltanlage in der prim\u00e4ren oder sekund\u00e4ren Energieverteilung vorgesehen. Das Design ist teilbar. wodurch sich der Sensor leicht an einem vorhandenen Kabel anbringen l\u00e4sst. Die Erdung kann am Stromsensor, \u00fcber die Abschirmung des Kabels oder \u00fcber den S2-Anschluss innerhalb des IED erfolgen.<\/p>\n<\/div><\/div>\n\n<div class=\"et_pb_text_2 et_pb_text et_pb_bg_layout_light et_animated et_pb_module et_block_module\"><div class=\"et_pb_text_inner\"><h3>PRODUKTVORTEILE<\/h3>\n<ul>\n<li>Passive technology - no active parts are inside, nor a power supply is needed<\/li>\n<li>Teilbarer Formfaktor f\u00fcr Nachr\u00fcstungen<\/li>\n<li>Einfache Installation auf Kabeln<\/li>\n<li>Korrekturfaktoren f\u00fcr Amplituden- und Phasenungenauigkeiten verbessern die Sensorklasse<\/li>\n<li>Als ECO-Variante erh\u00e4ltlich: Anfangsgenauigkeitsklasse 1, unter Verwendung von Korrekturfaktoren ist eine Verbesserung der Genauigkeitsklasse auf 0,5 m\u00f6glich.<\/li>\n<\/ul>\n<\/div><\/div>\n<\/div>\n<\/div>\n<\/div>\n\n<div class=\"et_pb_section_1 et_pb_section et_section_regular et_block_section\">\n<div class=\"et_pb_row_1 et_pb_row et_pb_equal_columns et_block_row et_clickable\">\n<div class=\"et_pb_column_2 et_pb_column et_pb_column_1_5 et_block_column et_pb_css_mix_blend_mode_passthrough\">\n<div class=\"et_pb_image_1 et_pb_image et_pb_module et_block_module\"><span class=\"et_pb_image_wrap\"><img loading=\"lazy\" decoding=\"async\" src=\"https:\/\/www.greenwood-power.com\/wp_gwp20\/wp-content\/uploads\/2025\/02\/Titelbild-Catalog-372x286-Homepage-300x231.png\" width=\"300\" height=\"231\" srcset=\"https:\/\/www.greenwood-power.com\/wp_gwp20\/wp-content\/uploads\/2025\/02\/Titelbild-Catalog-372x286-Homepage-300x231.png 300w, https:\/\/www.greenwood-power.com\/wp_gwp20\/wp-content\/uploads\/2025\/02\/Titelbild-Catalog-372x286-Homepage.png 372w\" sizes=\"(max-width: 300px) 100vw, 300px\" class=\"wp-image-5238\" title=\"Titelbild Catalog 372x286 Homepage\" alt=\"Cover catalog\" \/><\/span><\/div>\n<\/div>\n\n<div class=\"et_pb_column_3 et_pb_column et_pb_column_3_5 et_block_column et_pb_css_mix_blend_mode_passthrough\">\n<div class=\"et_pb_text_3 et_pb_text et_pb_bg_layout_light et_pb_module et_block_module et_pb_text_align_center et_pb_text_align_center-tablet et_pb_text_align_center-phone\"><div class=\"et_pb_text_inner\"><p>Laden Sie unseren Katalog herunter!<\/p>\n<\/div><\/div>\n<\/div>\n\n<div class=\"et_pb_column_4 et_pb_column et_pb_column_1_5 et-last-child et_block_column et_pb_css_mix_blend_mode_passthrough\">\n<div class=\"et_pb_module et_pb_button_module_wrapper et_pb_button_2_wrapper\"><a class=\"et_pb_button_2 et_pb_button et_pb_bg_layout_light et_pb_module et_block_module\" href=\"https:\/\/www.greenwood-power.com\/de\/request-catalog\/\">Jetzt anfordern<\/a><\/div>\n<\/div>\n<\/div>\n\n<div class=\"et_pb_row_2 et_pb_row et_block_row\">\n<div class=\"et_pb_column_5 et_pb_column et_pb_column_3_5 et_block_column et_pb_css_mix_blend_mode_passthrough\">\n<div class=\"et_pb_text_4 et_pb_text et_pb_bg_layout_light et_pb_module et_block_module\"><div class=\"et_pb_text_inner\"><h3>Haben Sie Fragen zum Produkt?<\/h3>\n<p><span style=\"color: #009345;\">Unser Team beantwortet Ihre Fragen gerne!<\/span><\/p>\n<\/div><\/div>\n<\/div>\n\n<div class=\"et_pb_column_6 et_pb_column et_pb_column_2_5 et-last-child et_block_column et_pb_css_mix_blend_mode_passthrough\">\n<div class=\"et_pb_text_5 et_pb_text et_pb_bg_layout_light et_pb_module et_block_module\"><div class=\"et_pb_text_inner\"><h3>Wir freuen uns darauf, mit Ihnen in Kontakt zu treten!<br \/><span style=\"color: #009345;\"><\/span><\/h3>\n<\/div><\/div>\n\n<div class=\"et_pb_module et_pb_button_module_wrapper et_pb_button_3_wrapper\"><a class=\"et_pb_button_3 et_pb_button et_pb_bg_layout_light et_pb_module et_block_module\" href=\"https:\/\/www.greenwood-power.com\/de\/contact-us-2\/\">Jetzt kontaktieren<\/a><\/div>\n<\/div>\n<\/div>\n<\/div>","protected":false},"excerpt":{"rendered":"","protected":false},"author":1,"featured_media":0,"parent":2152,"menu_order":0,"comment_status":"closed","ping_status":"closed","template":"","meta":{"content-type":"","om_disable_all_campaigns":false,"_monsterinsights_skip_tracking":false,"_monsterinsights_sitenote_active":false,"_monsterinsights_sitenote_note":"","_monsterinsights_sitenote_category":0,"_uf_show_specific_survey":0,"_uf_disable_surveys":false,"footnotes":""},"class_list":["post-2662","page","type-page","status-publish","hentry"],"yoast_head":"<!-- This site is optimized with the Yoast SEO plugin v24.5 - https:\/\/yoast.com\/wordpress\/plugins\/seo\/ -->\n<title>ExxxT-xx - Greenwood-Power<\/title>\n<meta name=\"description\" content=\"The Exxxt-xx is a current sensor for retrofit installation in split-core-design in medium voltage switchgears. READ MORE\" \/>\n<meta name=\"robots\" content=\"index, follow, max-snippet:-1, max-image-preview:large, max-video-preview:-1\" \/>\n<link rel=\"canonical\" href=\"https:\/\/www.greenwood-power.com\/de\/products\/current-sensors\/exxxt-xx\/\" \/>\n<meta property=\"og:locale\" content=\"de_DE\" \/>\n<meta property=\"og:type\" content=\"article\" \/>\n<meta property=\"og:title\" content=\"ExxxT-xx - Greenwood-Power\" \/>\n<meta property=\"og:description\" content=\"The Exxxt-xx is a current sensor for retrofit installation in split-core-design in medium voltage switchgears. READ MORE\" \/>\n<meta property=\"og:url\" content=\"https:\/\/www.greenwood-power.com\/de\/products\/current-sensors\/exxxt-xx\/\" \/>\n<meta property=\"og:site_name\" content=\"Greenwood-Power\" \/>\n<meta property=\"article:publisher\" content=\"https:\/\/www.facebook.com\/profile.php?id=100054245060738\" \/>\n<meta property=\"article:modified_time\" content=\"2026-04-23T13:55:23+00:00\" \/>\n<meta name=\"twitter:card\" content=\"summary_large_image\" \/>\n<meta name=\"twitter:label1\" content=\"Gesch\u00e4tzte Lesezeit\" \/>\n\t<meta name=\"twitter:data1\" content=\"2 Minuten\" \/>\n<script type=\"application\/ld+json\" class=\"yoast-schema-graph\">{\"@context\":\"https:\/\/schema.org\",\"@graph\":[{\"@type\":\"WebPage\",\"@id\":\"https:\/\/www.greenwood-power.com\/products\/current-sensors\/exxxt-xx\/\",\"url\":\"https:\/\/www.greenwood-power.com\/products\/current-sensors\/exxxt-xx\/\",\"name\":\"ExxxT-xx - Greenwood-Power\",\"isPartOf\":{\"@id\":\"https:\/\/www.greenwood-power.com\/#website\"},\"datePublished\":\"2023-03-09T12:11:31+00:00\",\"dateModified\":\"2026-04-23T13:55:23+00:00\",\"description\":\"The Exxxt-xx is a current sensor for retrofit installation in split-core-design in medium voltage switchgears. READ MORE\",\"breadcrumb\":{\"@id\":\"https:\/\/www.greenwood-power.com\/products\/current-sensors\/exxxt-xx\/#breadcrumb\"},\"inLanguage\":\"de-AT\",\"potentialAction\":[{\"@type\":\"ReadAction\",\"target\":[\"https:\/\/www.greenwood-power.com\/products\/current-sensors\/exxxt-xx\/\"]}]},{\"@type\":\"BreadcrumbList\",\"@id\":\"https:\/\/www.greenwood-power.com\/products\/current-sensors\/exxxt-xx\/#breadcrumb\",\"itemListElement\":[{\"@type\":\"ListItem\",\"position\":1,\"name\":\"Home\",\"item\":\"https:\/\/www.greenwood-power.com\/\"},{\"@type\":\"ListItem\",\"position\":2,\"name\":\"Products\",\"item\":\"https:\/\/www.greenwood-power.com\/products\/\"},{\"@type\":\"ListItem\",\"position\":3,\"name\":\"Current sensors\",\"item\":\"https:\/\/www.greenwood-power.com\/products\/current-sensors\/\"},{\"@type\":\"ListItem\",\"position\":4,\"name\":\"ExxxT-xx\"}]},{\"@type\":\"WebSite\",\"@id\":\"https:\/\/www.greenwood-power.com\/#website\",\"url\":\"https:\/\/www.greenwood-power.com\/\",\"name\":\"Greenwood-Power\",\"description\":\"Innovative Sensor Solutions\",\"publisher\":{\"@id\":\"https:\/\/www.greenwood-power.com\/#organization\"},\"potentialAction\":[{\"@type\":\"SearchAction\",\"target\":{\"@type\":\"EntryPoint\",\"urlTemplate\":\"https:\/\/www.greenwood-power.com\/?s={search_term_string}\"},\"query-input\":{\"@type\":\"PropertyValueSpecification\",\"valueRequired\":true,\"valueName\":\"search_term_string\"}}],\"inLanguage\":\"de-AT\"},{\"@type\":\"Organization\",\"@id\":\"https:\/\/www.greenwood-power.com\/#organization\",\"name\":\"Greenwood-Power\",\"url\":\"https:\/\/www.greenwood-power.com\/\",\"logo\":{\"@type\":\"ImageObject\",\"inLanguage\":\"de-AT\",\"@id\":\"https:\/\/www.greenwood-power.com\/#\/schema\/logo\/image\/\",\"url\":\"https:\/\/www.greenwood-power.com\/wp_gwp20\/wp-content\/uploads\/2023\/06\/logo-with-title-wheel-right.png\",\"contentUrl\":\"https:\/\/www.greenwood-power.com\/wp_gwp20\/wp-content\/uploads\/2023\/06\/logo-with-title-wheel-right.png\",\"width\":3188,\"height\":1006,\"caption\":\"Greenwood-Power\"},\"image\":{\"@id\":\"https:\/\/www.greenwood-power.com\/#\/schema\/logo\/image\/\"},\"sameAs\":[\"https:\/\/www.facebook.com\/profile.php?id=100054245060738\",\"https:\/\/www.linkedin.com\/company\/28493292\",\"https:\/\/www.instagram.com\/greenwood_power\/\"]}]}<\/script>\n<!-- \/ Yoast SEO plugin. -->","yoast_head_json":{"title":"ExxxT-xx - Greenwood-Power","description":"The Exxxt-xx is a current sensor for retrofit installation in split-core-design in medium voltage switchgears. READ MORE","robots":{"index":"index","follow":"follow","max-snippet":"max-snippet:-1","max-image-preview":"max-image-preview:large","max-video-preview":"max-video-preview:-1"},"canonical":"https:\/\/www.greenwood-power.com\/de\/products\/current-sensors\/exxxt-xx\/","og_locale":"de_DE","og_type":"article","og_title":"ExxxT-xx - Greenwood-Power","og_description":"The Exxxt-xx is a current sensor for retrofit installation in split-core-design in medium voltage switchgears. READ MORE","og_url":"https:\/\/www.greenwood-power.com\/de\/products\/current-sensors\/exxxt-xx\/","og_site_name":"Greenwood-Power","article_publisher":"https:\/\/www.facebook.com\/profile.php?id=100054245060738","article_modified_time":"2026-04-23T13:55:23+00:00","twitter_card":"summary_large_image","twitter_misc":{"Gesch\u00e4tzte Lesezeit":"2 Minuten"},"schema":{"@context":"https:\/\/schema.org","@graph":[{"@type":"WebPage","@id":"https:\/\/www.greenwood-power.com\/products\/current-sensors\/exxxt-xx\/","url":"https:\/\/www.greenwood-power.com\/products\/current-sensors\/exxxt-xx\/","name":"ExxxT-xx - Greenwood-Power","isPartOf":{"@id":"https:\/\/www.greenwood-power.com\/#website"},"datePublished":"2023-03-09T12:11:31+00:00","dateModified":"2026-04-23T13:55:23+00:00","description":"The Exxxt-xx is a current sensor for retrofit installation in split-core-design in medium voltage switchgears. READ MORE","breadcrumb":{"@id":"https:\/\/www.greenwood-power.com\/products\/current-sensors\/exxxt-xx\/#breadcrumb"},"inLanguage":"de-AT","potentialAction":[{"@type":"ReadAction","target":["https:\/\/www.greenwood-power.com\/products\/current-sensors\/exxxt-xx\/"]}]},{"@type":"BreadcrumbList","@id":"https:\/\/www.greenwood-power.com\/products\/current-sensors\/exxxt-xx\/#breadcrumb","itemListElement":[{"@type":"ListItem","position":1,"name":"Home","item":"https:\/\/www.greenwood-power.com\/"},{"@type":"ListItem","position":2,"name":"Products","item":"https:\/\/www.greenwood-power.com\/products\/"},{"@type":"ListItem","position":3,"name":"Current sensors","item":"https:\/\/www.greenwood-power.com\/products\/current-sensors\/"},{"@type":"ListItem","position":4,"name":"ExxxT-xx"}]},{"@type":"WebSite","@id":"https:\/\/www.greenwood-power.com\/#website","url":"https:\/\/www.greenwood-power.com\/","name":"Greenwood-Power","description":"Innovative Sensor Solutions","publisher":{"@id":"https:\/\/www.greenwood-power.com\/#organization"},"potentialAction":[{"@type":"SearchAction","target":{"@type":"EntryPoint","urlTemplate":"https:\/\/www.greenwood-power.com\/?s={search_term_string}"},"query-input":{"@type":"PropertyValueSpecification","valueRequired":true,"valueName":"search_term_string"}}],"inLanguage":"de-AT"},{"@type":"Organization","@id":"https:\/\/www.greenwood-power.com\/#organization","name":"Greenwood-Power","url":"https:\/\/www.greenwood-power.com\/","logo":{"@type":"ImageObject","inLanguage":"de-AT","@id":"https:\/\/www.greenwood-power.com\/#\/schema\/logo\/image\/","url":"https:\/\/www.greenwood-power.com\/wp_gwp20\/wp-content\/uploads\/2023\/06\/logo-with-title-wheel-right.png","contentUrl":"https:\/\/www.greenwood-power.com\/wp_gwp20\/wp-content\/uploads\/2023\/06\/logo-with-title-wheel-right.png","width":3188,"height":1006,"caption":"Greenwood-Power"},"image":{"@id":"https:\/\/www.greenwood-power.com\/#\/schema\/logo\/image\/"},"sameAs":["https:\/\/www.facebook.com\/profile.php?id=100054245060738","https:\/\/www.linkedin.com\/company\/28493292","https:\/\/www.instagram.com\/greenwood_power\/"]}]}},"_links":{"self":[{"href":"https:\/\/www.greenwood-power.com\/de\/wp-json\/wp\/v2\/pages\/2662","targetHints":{"allow":["GET"]}}],"collection":[{"href":"https:\/\/www.greenwood-power.com\/de\/wp-json\/wp\/v2\/pages"}],"about":[{"href":"https:\/\/www.greenwood-power.com\/de\/wp-json\/wp\/v2\/types\/page"}],"author":[{"embeddable":true,"href":"https:\/\/www.greenwood-power.com\/de\/wp-json\/wp\/v2\/users\/1"}],"replies":[{"embeddable":true,"href":"https:\/\/www.greenwood-power.com\/de\/wp-json\/wp\/v2\/comments?post=2662"}],"version-history":[{"count":21,"href":"https:\/\/www.greenwood-power.com\/de\/wp-json\/wp\/v2\/pages\/2662\/revisions"}],"predecessor-version":[{"id":7560,"href":"https:\/\/www.greenwood-power.com\/de\/wp-json\/wp\/v2\/pages\/2662\/revisions\/7560"}],"up":[{"embeddable":true,"href":"https:\/\/www.greenwood-power.com\/de\/wp-json\/wp\/v2\/pages\/2152"}],"wp:attachment":[{"href":"https:\/\/www.greenwood-power.com\/de\/wp-json\/wp\/v2\/media?parent=2662"}],"curies":[{"name":"wp","href":"https:\/\/api.w.org\/{rel}","templated":true}]}}