{"id":4206,"date":"2023-11-22T07:00:56","date_gmt":"2023-11-22T07:00:56","guid":{"rendered":"https:\/\/www.greenwood-power.com\/?page_id=4206"},"modified":"2026-03-24T16:08:39","modified_gmt":"2026-03-24T16:08:39","slug":"vxxxjk-xx","status":"publish","type":"page","link":"https:\/\/www.greenwood-power.com\/de\/products\/voltage-sensors\/vxxxjk-xx\/","title":{"rendered":"VxxxJK-xx"},"content":{"rendered":"<div class=\"et_pb_section_0 et_pb_section et_section_regular et_block_section\">\n<div class=\"et_pb_row_0 et_pb_row et_pb_equal_columns et_block_row\">\n<div class=\"et_pb_column_0 et_pb_column et_pb_column_1_2 et_block_column et_pb_css_mix_blend_mode_passthrough pa-inline-buttons\">\n<div class=\"et_pb_image_0 et_pb_image et_animated et_pb_module et_block_module\"><span class=\"et_pb_image_wrap\"><img loading=\"lazy\" decoding=\"async\" src=\"https:\/\/www.greenwood-power.com\/wp_gwp20\/wp-content\/uploads\/2025\/04\/VxxxJK-xx-400x400px-300x300.png\" width=\"300\" height=\"300\" srcset=\"https:\/\/www.greenwood-power.com\/wp_gwp20\/wp-content\/uploads\/2025\/04\/VxxxJK-xx-400x400px-300x300.png 300w, https:\/\/www.greenwood-power.com\/wp_gwp20\/wp-content\/uploads\/2025\/04\/VxxxJK-xx-400x400px-150x150.png 150w, https:\/\/www.greenwood-power.com\/wp_gwp20\/wp-content\/uploads\/2025\/04\/VxxxJK-xx-400x400px.png 400w\" sizes=\"(max-width: 300px) 100vw, 300px\" class=\"wp-image-5760\" title=\"VxxxJK-xx 400x400px\" alt=\"VxxxJK-xx\" \/><\/span><\/div>\n\n<div class=\"et_pb_text_0 et_pb_text et_pb_bg_layout_light et_animated et_pb_module et_block_module\"><div class=\"et_pb_text_inner\"><h1>VxxxJK-xx<\/h1>\n<h4>Spannungssensor f\u00fcr Cellpack CTS 630A, kurzer Konus<br \/>IEC 61869-1, IEC 61869-11<\/h4>\n<\/div><\/div>\n\n<div class=\"et_pb_module et_pb_button_module_wrapper et_pb_button_0_wrapper\"><a class=\"et_pb_button_0 et_pb_button et_pb_bg_layout_light et_animated et_pb_module et_block_module\" href=\"\" target=\"_blank\">Datenblatt herunterladen<\/a><\/div>\n\n<div class=\"et_pb_module et_pb_button_module_wrapper et_pb_button_1_wrapper\"><a class=\"et_pb_button_1 et_pb_button et_pb_bg_layout_light et_animated et_pb_module et_block_module\" href=\"https:\/\/www.greenwood-power.com\/wp_gwp20\/wp-content\/uploads\/2026\/03\/GWP-V240JK-universal-technical-drawing.pdf\" target=\"_blank\">Universelle technische Zeichnung<\/a><\/div>\n\n<div class=\"et_pb_module et_pb_button_module_wrapper et_pb_button_2_wrapper\"><a class=\"et_pb_button_2 et_pb_button et_pb_bg_layout_light et_pb_module et_block_module\" href=\"https:\/\/www.greenwood-power.com\/de\/contact-us\/\" target=\"_blank\">Jetzt kontaktieren<\/a><\/div>\n<\/div>\n\n<div class=\"et_pb_column_1 et_pb_column et_pb_column_1_2 et-last-child et_block_column et_pb_css_mix_blend_mode_passthrough pa-inline-buttons\">\n<div class=\"et_pb_text_1 et_pb_text et_pb_bg_layout_light et_animated et_pb_module et_block_module\"><div class=\"et_pb_text_inner\"><h2>PRODUKTBESCHREIBUNG<\/h2>\n<p><span>Die Spannungssensoren vom Typ VxxxJK-xx sind f\u00fcr den neuen T-Stecker von Cellpack, CTS 630A, vorgesehen.\u00a0<\/span><span>T-Stecker verwenden einen Endverschluss, um den T-Stecker nach der Installation zu sichern. Unsere Sensoren k\u00f6nnen anstelle des Endverschlusses im T-Stecker verwendet werden und dienen sowohl zur Sicherung des T-Steckers als auch zur Spannungsmessung. Der Sensor verf\u00fcgt \u00fcber einen Anschluss f\u00fcr die gemeinsame Erdung und ein Ausgangskabel zum Anschluss an ein intelligentes elektronisches Ger\u00e4t (IED).<\/span><\/p>\n<\/div><\/div>\n\n<div class=\"et_pb_text_2 et_pb_text et_pb_bg_layout_light et_animated et_pb_module et_block_module\"><div class=\"et_pb_text_inner\"><h3>PRODUKTVORTEILE<\/h3>\n<ul>\n<li>Passive Komponenten \u2013 Keine Stromversorgung erforderlich<\/li>\n<li>Kurze Bauform f\u00fcr maximale Kompatibilit\u00e4t<\/li>\n<li>Robuste Konstruktion \u2013 Verschlusskappe aus massiver Metalllegierung<\/li>\n<li><span>Kompatibel mit dem neuen T-Stecker von Cellpack, genannt CTS 630A<\/span><\/li>\n<li>Gro\u00dfer Temperaturbereich<\/li>\n<\/ul>\n<\/div><\/div>\n\n<div class=\"et_pb_module et_pb_button_module_wrapper et_pb_button_3_wrapper\"><a class=\"et_pb_button_3 et_pb_button et_pb_bg_layout_light et_pb_module et_block_module\" href=\"https:\/\/www.greenwood-power.com\/de\/switchgears\/\" target=\"_blank\">\u00dcbersicht Schaltanlagen<\/a><\/div>\n\n<div class=\"et_pb_module et_pb_button_module_wrapper et_pb_button_4_wrapper\"><a class=\"et_pb_button_4 et_pb_button et_pb_bg_layout_light et_pb_module et_block_module\" href=\"https:\/\/www.greenwood-power.com\/de\/devices\/\" target=\"_blank\">Verbindungsger\u00e4te<\/a><\/div>\n<\/div>\n<\/div>\n\n<div class=\"et_pb_row_1 et_pb_row et_pb_equal_columns et_block_row\">\n<div class=\"et_pb_column_2 et_pb_column et_pb_column_4_4 et-last-child et_block_column et_pb_css_mix_blend_mode_passthrough pa-inline-buttons\">\n<div class=\"et_pb_text_3 et_pb_text et_pb_bg_layout_light et_animated et_pb_module et_block_module\"><div class=\"et_pb_text_inner\"><p><strong>ARTEN VON KABELANSCHL\u00dcSSEN<\/strong>\u00a0 \u00a0Symmetrischer T-Verbinder \/ Deadbreak<\/p>\n<\/div><\/div>\n<\/div>\n<\/div>\n\n<div class=\"et_pb_row_2 et_pb_row et_pb_row_1-5_1-5_3-5 et_pb_equal_columns et_block_row et_block_row_1-5_1-5_3-5\">\n<div class=\"et_pb_column_3 et_pb_column et_pb_column_1_5 et_block_column et_pb_css_mix_blend_mode_passthrough pa-inline-buttons\">\n<div class=\"et_pb_image_1 et_pb_image et_pb_module et_block_module\"><span class=\"et_pb_image_wrap\"><img loading=\"lazy\" decoding=\"async\" src=\"https:\/\/www.greenwood-power.com\/wp_gwp20\/wp-content\/uploads\/2025\/07\/Cellpack-CTS-xxxA-24kV-300x200.jpg\" width=\"300\" height=\"200\" srcset=\"https:\/\/www.greenwood-power.com\/wp_gwp20\/wp-content\/uploads\/2025\/07\/Cellpack-CTS-xxxA-24kV-300x200.jpg 300w\" class=\"wp-image-6342\" title=\"Cellpack CTS xxxA 24kV\" alt=\"Nexans Euromold\" \/><\/span><\/div>\n<\/div>\n\n<div class=\"et_pb_column_4 et_pb_column et_pb_column_1_5 et_block_column et_pb_css_mix_blend_mode_passthrough\">\n<div class=\"et_pb_text_4 et_pb_text et_pb_bg_layout_light et_animated et_pb_module et_block_module\"><div class=\"et_pb_text_inner\"><p style=\"text-align: center;\"><strong>Cellpack<\/strong><\/p>\n<p style=\"text-align: center;\">CTS xxxA 24 kV<br \/>(12 kV &amp; 24 kV)<\/p>\n<\/div><\/div>\n<\/div>\n\n<div class=\"et_pb_column_5 et_pb_column et_pb_column_3_5 et-last-child et_block_column et_pb_css_mix_blend_mode_passthrough\">\n<div class=\"et_pb_blurb_0 et_pb_blurb et_pb_bg_layout_light et_pb_blurb_position_left et_pb_module et_block_module\"><div class=\"et_pb_blurb_content\"><div class=\"et_pb_main_blurb_image\"><span class=\"et_pb_image_wrap\"><span class=\"et-pb-icon et-waypoint et_pb_animation_off et_pb_animation_off_tablet et_pb_animation_off_phone\">\uf406<\/span><\/span><\/div><div class=\"et_pb_blurb_container\"><div class=\"et_pb_blurb_description\"><p>Mo Sadeghi<\/p>\n<\/div><\/div><\/div><\/div>\n\n<div class=\"et_pb_blurb_1 et_pb_blurb et_pb_bg_layout_light et_pb_blurb_position_left et_pb_module et_block_module\"><div class=\"et_pb_blurb_content\"><div class=\"et_pb_main_blurb_image\"><span class=\"et_pb_image_wrap\"><span class=\"et-pb-icon et-waypoint et_pb_animation_off et_pb_animation_off_tablet et_pb_animation_off_phone\">\ue090<\/span><\/span><\/div><div class=\"et_pb_blurb_container\"><div class=\"et_pb_blurb_description\"><p>+41 79 811 14 96<\/p>\n<\/div><\/div><\/div><\/div>\n\n<div class=\"et_pb_blurb_2 et_pb_blurb et_pb_bg_layout_light et_pb_blurb_position_left et_pb_module et_block_module\"><div class=\"et_pb_blurb_content\"><div class=\"et_pb_main_blurb_image\"><span class=\"et_pb_image_wrap\"><span class=\"et-pb-icon et-waypoint et_pb_animation_off et_pb_animation_off_tablet et_pb_animation_off_phone\">\uf0e0<\/span><\/span><\/div><div class=\"et_pb_blurb_container\"><div class=\"et_pb_blurb_description\"><p><a href=\"mailto:mo.sadeghi@cellpack.com\">mo.sadeghi@cellpack.com<\/a>\u00a0<\/p>\n<\/div><\/div><\/div><\/div>\n<\/div>\n<\/div>\n<\/div>\n\n<div class=\"et_pb_section_1 et_pb_section et_section_regular et_block_section\">\n<div class=\"et_pb_row_3 et_pb_row et_pb_equal_columns et_block_row et_clickable\">\n<div class=\"et_pb_column_6 et_pb_column et_pb_column_1_5 et_block_column et_pb_css_mix_blend_mode_passthrough\">\n<div class=\"et_pb_image_2 et_pb_image et_pb_module et_block_module\"><span class=\"et_pb_image_wrap\"><img loading=\"lazy\" decoding=\"async\" src=\"https:\/\/www.greenwood-power.com\/wp_gwp20\/wp-content\/uploads\/2025\/02\/Titelbild-Catalog-372x286-Homepage-300x231.png\" width=\"300\" height=\"231\" srcset=\"https:\/\/www.greenwood-power.com\/wp_gwp20\/wp-content\/uploads\/2025\/02\/Titelbild-Catalog-372x286-Homepage-300x231.png 300w, https:\/\/www.greenwood-power.com\/wp_gwp20\/wp-content\/uploads\/2025\/02\/Titelbild-Catalog-372x286-Homepage.png 372w\" sizes=\"(max-width: 300px) 100vw, 300px\" class=\"wp-image-5238\" title=\"Titelbild Catalog 372x286 Homepage\" alt=\"Cover catalog\" \/><\/span><\/div>\n<\/div>\n\n<div class=\"et_pb_column_7 et_pb_column et_pb_column_3_5 et_block_column et_pb_css_mix_blend_mode_passthrough\">\n<div class=\"et_pb_text_5 et_pb_text et_pb_bg_layout_light et_pb_module et_block_module et_pb_text_align_center et_pb_text_align_center-tablet et_pb_text_align_center-phone\"><div class=\"et_pb_text_inner\"><p>Laden Sie unseren Katalog herunter!<\/p>\n<\/div><\/div>\n<\/div>\n\n<div class=\"et_pb_column_8 et_pb_column et_pb_column_1_5 et-last-child et_block_column et_pb_css_mix_blend_mode_passthrough\">\n<div class=\"et_pb_module et_pb_button_module_wrapper et_pb_button_5_wrapper\"><a class=\"et_pb_button_5 et_pb_button et_pb_bg_layout_light et_pb_module et_block_module\" href=\"https:\/\/www.greenwood-power.com\/de\/request-catalog\/\">Jetzt anfordern<\/a><\/div>\n<\/div>\n<\/div>\n\n<div class=\"et_pb_row_4 et_pb_row et_block_row\">\n<div class=\"et_pb_column_9 et_pb_column et_pb_column_3_5 et_block_column et_pb_css_mix_blend_mode_passthrough\">\n<div class=\"et_pb_text_6 et_pb_text et_pb_bg_layout_light et_pb_module et_block_module\"><div class=\"et_pb_text_inner\"><h3>Haben Sie Fragen zum Produkt?<\/h3>\n<p><span style=\"color: #009345;\">Unser Team beantwortet Ihre Fragen gerne!<\/span><\/p>\n<\/div><\/div>\n<\/div>\n\n<div class=\"et_pb_column_10 et_pb_column et_pb_column_2_5 et-last-child et_block_column et_pb_css_mix_blend_mode_passthrough\">\n<div class=\"et_pb_text_7 et_pb_text et_pb_bg_layout_light et_pb_module et_block_module\"><div class=\"et_pb_text_inner\"><h3>Wir freuen uns darauf, mit Ihnen in Kontakt zu treten!<br \/><span style=\"color: #009345;\"><\/span><\/h3>\n<\/div><\/div>\n\n<div class=\"et_pb_module et_pb_button_module_wrapper et_pb_button_6_wrapper\"><a class=\"et_pb_button_6 et_pb_button et_pb_bg_layout_light et_pb_module et_block_module\" href=\"https:\/\/www.greenwood-power.com\/de\/contact-us-2\/\">Jetzt kontaktieren<\/a><\/div>\n<\/div>\n<\/div>\n<\/div>","protected":false},"excerpt":{"rendered":"","protected":false},"author":8,"featured_media":0,"parent":2142,"menu_order":0,"comment_status":"closed","ping_status":"closed","template":"","meta":{"content-type":"","om_disable_all_campaigns":false,"_monsterinsights_skip_tracking":false,"_monsterinsights_sitenote_active":false,"_monsterinsights_sitenote_note":"","_monsterinsights_sitenote_category":0,"_uf_show_specific_survey":0,"_uf_disable_surveys":false,"footnotes":""},"class_list":["post-4206","page","type-page","status-publish","hentry"],"yoast_head":"<!-- This site is optimized with the Yoast SEO plugin v24.5 - https:\/\/yoast.com\/wordpress\/plugins\/seo\/ -->\n<title>VxxxJK-xx - Greenwood-Power<\/title>\n<meta name=\"robots\" content=\"index, follow, max-snippet:-1, max-image-preview:large, max-video-preview:-1\" \/>\n<link rel=\"canonical\" href=\"https:\/\/www.greenwood-power.com\/de\/products\/voltage-sensors\/vxxxjk-xx\/\" \/>\n<meta property=\"og:locale\" content=\"de_DE\" \/>\n<meta property=\"og:type\" content=\"article\" \/>\n<meta property=\"og:title\" content=\"VxxxJK-xx - Greenwood-Power\" \/>\n<meta property=\"og:url\" content=\"https:\/\/www.greenwood-power.com\/de\/products\/voltage-sensors\/vxxxjk-xx\/\" \/>\n<meta property=\"og:site_name\" content=\"Greenwood-Power\" \/>\n<meta property=\"article:publisher\" content=\"https:\/\/www.facebook.com\/profile.php?id=100054245060738\" \/>\n<meta property=\"article:modified_time\" content=\"2026-03-24T16:08:39+00:00\" \/>\n<meta name=\"twitter:card\" content=\"summary_large_image\" \/>\n<meta name=\"twitter:label1\" content=\"Gesch\u00e4tzte Lesezeit\" \/>\n\t<meta name=\"twitter:data1\" content=\"2 Minuten\" \/>\n<script type=\"application\/ld+json\" class=\"yoast-schema-graph\">{\"@context\":\"https:\/\/schema.org\",\"@graph\":[{\"@type\":\"WebPage\",\"@id\":\"https:\/\/www.greenwood-power.com\/products\/voltage-sensors\/vxxxjk-xx\/\",\"url\":\"https:\/\/www.greenwood-power.com\/products\/voltage-sensors\/vxxxjk-xx\/\",\"name\":\"VxxxJK-xx - Greenwood-Power\",\"isPartOf\":{\"@id\":\"https:\/\/www.greenwood-power.com\/#website\"},\"datePublished\":\"2023-11-22T07:00:56+00:00\",\"dateModified\":\"2026-03-24T16:08:39+00:00\",\"breadcrumb\":{\"@id\":\"https:\/\/www.greenwood-power.com\/products\/voltage-sensors\/vxxxjk-xx\/#breadcrumb\"},\"inLanguage\":\"de-AT\",\"potentialAction\":[{\"@type\":\"ReadAction\",\"target\":[\"https:\/\/www.greenwood-power.com\/products\/voltage-sensors\/vxxxjk-xx\/\"]}]},{\"@type\":\"BreadcrumbList\",\"@id\":\"https:\/\/www.greenwood-power.com\/products\/voltage-sensors\/vxxxjk-xx\/#breadcrumb\",\"itemListElement\":[{\"@type\":\"ListItem\",\"position\":1,\"name\":\"Home\",\"item\":\"https:\/\/www.greenwood-power.com\/\"},{\"@type\":\"ListItem\",\"position\":2,\"name\":\"Products\",\"item\":\"https:\/\/www.greenwood-power.com\/products\/\"},{\"@type\":\"ListItem\",\"position\":3,\"name\":\"Voltage Sensors\",\"item\":\"https:\/\/www.greenwood-power.com\/products\/voltage-sensors\/\"},{\"@type\":\"ListItem\",\"position\":4,\"name\":\"VxxxJK-xx\"}]},{\"@type\":\"WebSite\",\"@id\":\"https:\/\/www.greenwood-power.com\/#website\",\"url\":\"https:\/\/www.greenwood-power.com\/\",\"name\":\"Greenwood-Power\",\"description\":\"Innovative Sensor Solutions\",\"publisher\":{\"@id\":\"https:\/\/www.greenwood-power.com\/#organization\"},\"potentialAction\":[{\"@type\":\"SearchAction\",\"target\":{\"@type\":\"EntryPoint\",\"urlTemplate\":\"https:\/\/www.greenwood-power.com\/?s={search_term_string}\"},\"query-input\":{\"@type\":\"PropertyValueSpecification\",\"valueRequired\":true,\"valueName\":\"search_term_string\"}}],\"inLanguage\":\"de-AT\"},{\"@type\":\"Organization\",\"@id\":\"https:\/\/www.greenwood-power.com\/#organization\",\"name\":\"Greenwood-Power\",\"url\":\"https:\/\/www.greenwood-power.com\/\",\"logo\":{\"@type\":\"ImageObject\",\"inLanguage\":\"de-AT\",\"@id\":\"https:\/\/www.greenwood-power.com\/#\/schema\/logo\/image\/\",\"url\":\"https:\/\/www.greenwood-power.com\/wp_gwp20\/wp-content\/uploads\/2023\/06\/logo-with-title-wheel-right.png\",\"contentUrl\":\"https:\/\/www.greenwood-power.com\/wp_gwp20\/wp-content\/uploads\/2023\/06\/logo-with-title-wheel-right.png\",\"width\":3188,\"height\":1006,\"caption\":\"Greenwood-Power\"},\"image\":{\"@id\":\"https:\/\/www.greenwood-power.com\/#\/schema\/logo\/image\/\"},\"sameAs\":[\"https:\/\/www.facebook.com\/profile.php?id=100054245060738\",\"https:\/\/www.linkedin.com\/company\/28493292\",\"https:\/\/www.instagram.com\/greenwood_power\/\"]}]}<\/script>\n<!-- \/ Yoast SEO plugin. -->","yoast_head_json":{"title":"VxxxJK-xx - Greenwood-Power","robots":{"index":"index","follow":"follow","max-snippet":"max-snippet:-1","max-image-preview":"max-image-preview:large","max-video-preview":"max-video-preview:-1"},"canonical":"https:\/\/www.greenwood-power.com\/de\/products\/voltage-sensors\/vxxxjk-xx\/","og_locale":"de_DE","og_type":"article","og_title":"VxxxJK-xx - Greenwood-Power","og_url":"https:\/\/www.greenwood-power.com\/de\/products\/voltage-sensors\/vxxxjk-xx\/","og_site_name":"Greenwood-Power","article_publisher":"https:\/\/www.facebook.com\/profile.php?id=100054245060738","article_modified_time":"2026-03-24T16:08:39+00:00","twitter_card":"summary_large_image","twitter_misc":{"Gesch\u00e4tzte Lesezeit":"2 Minuten"},"schema":{"@context":"https:\/\/schema.org","@graph":[{"@type":"WebPage","@id":"https:\/\/www.greenwood-power.com\/products\/voltage-sensors\/vxxxjk-xx\/","url":"https:\/\/www.greenwood-power.com\/products\/voltage-sensors\/vxxxjk-xx\/","name":"VxxxJK-xx - Greenwood-Power","isPartOf":{"@id":"https:\/\/www.greenwood-power.com\/#website"},"datePublished":"2023-11-22T07:00:56+00:00","dateModified":"2026-03-24T16:08:39+00:00","breadcrumb":{"@id":"https:\/\/www.greenwood-power.com\/products\/voltage-sensors\/vxxxjk-xx\/#breadcrumb"},"inLanguage":"de-AT","potentialAction":[{"@type":"ReadAction","target":["https:\/\/www.greenwood-power.com\/products\/voltage-sensors\/vxxxjk-xx\/"]}]},{"@type":"BreadcrumbList","@id":"https:\/\/www.greenwood-power.com\/products\/voltage-sensors\/vxxxjk-xx\/#breadcrumb","itemListElement":[{"@type":"ListItem","position":1,"name":"Home","item":"https:\/\/www.greenwood-power.com\/"},{"@type":"ListItem","position":2,"name":"Products","item":"https:\/\/www.greenwood-power.com\/products\/"},{"@type":"ListItem","position":3,"name":"Voltage Sensors","item":"https:\/\/www.greenwood-power.com\/products\/voltage-sensors\/"},{"@type":"ListItem","position":4,"name":"VxxxJK-xx"}]},{"@type":"WebSite","@id":"https:\/\/www.greenwood-power.com\/#website","url":"https:\/\/www.greenwood-power.com\/","name":"Greenwood-Power","description":"Innovative Sensor Solutions","publisher":{"@id":"https:\/\/www.greenwood-power.com\/#organization"},"potentialAction":[{"@type":"SearchAction","target":{"@type":"EntryPoint","urlTemplate":"https:\/\/www.greenwood-power.com\/?s={search_term_string}"},"query-input":{"@type":"PropertyValueSpecification","valueRequired":true,"valueName":"search_term_string"}}],"inLanguage":"de-AT"},{"@type":"Organization","@id":"https:\/\/www.greenwood-power.com\/#organization","name":"Greenwood-Power","url":"https:\/\/www.greenwood-power.com\/","logo":{"@type":"ImageObject","inLanguage":"de-AT","@id":"https:\/\/www.greenwood-power.com\/#\/schema\/logo\/image\/","url":"https:\/\/www.greenwood-power.com\/wp_gwp20\/wp-content\/uploads\/2023\/06\/logo-with-title-wheel-right.png","contentUrl":"https:\/\/www.greenwood-power.com\/wp_gwp20\/wp-content\/uploads\/2023\/06\/logo-with-title-wheel-right.png","width":3188,"height":1006,"caption":"Greenwood-Power"},"image":{"@id":"https:\/\/www.greenwood-power.com\/#\/schema\/logo\/image\/"},"sameAs":["https:\/\/www.facebook.com\/profile.php?id=100054245060738","https:\/\/www.linkedin.com\/company\/28493292","https:\/\/www.instagram.com\/greenwood_power\/"]}]}},"_links":{"self":[{"href":"https:\/\/www.greenwood-power.com\/de\/wp-json\/wp\/v2\/pages\/4206","targetHints":{"allow":["GET"]}}],"collection":[{"href":"https:\/\/www.greenwood-power.com\/de\/wp-json\/wp\/v2\/pages"}],"about":[{"href":"https:\/\/www.greenwood-power.com\/de\/wp-json\/wp\/v2\/types\/page"}],"author":[{"embeddable":true,"href":"https:\/\/www.greenwood-power.com\/de\/wp-json\/wp\/v2\/users\/8"}],"replies":[{"embeddable":true,"href":"https:\/\/www.greenwood-power.com\/de\/wp-json\/wp\/v2\/comments?post=4206"}],"version-history":[{"count":18,"href":"https:\/\/www.greenwood-power.com\/de\/wp-json\/wp\/v2\/pages\/4206\/revisions"}],"predecessor-version":[{"id":7536,"href":"https:\/\/www.greenwood-power.com\/de\/wp-json\/wp\/v2\/pages\/4206\/revisions\/7536"}],"up":[{"embeddable":true,"href":"https:\/\/www.greenwood-power.com\/de\/wp-json\/wp\/v2\/pages\/2142"}],"wp:attachment":[{"href":"https:\/\/www.greenwood-power.com\/de\/wp-json\/wp\/v2\/media?parent=4206"}],"curies":[{"name":"wp","href":"https:\/\/api.w.org\/{rel}","templated":true}]}}