{"id":4280,"date":"2023-11-22T09:37:18","date_gmt":"2023-11-22T09:37:18","guid":{"rendered":"https:\/\/www.greenwood-power.com\/?page_id=4280"},"modified":"2026-03-10T13:57:04","modified_gmt":"2026-03-10T13:57:04","slug":"pxxxfb-xx-us","status":"publish","type":"page","link":"https:\/\/www.greenwood-power.com\/de\/pxxxfb-xx-us\/","title":{"rendered":"PxxxFB-xx | US"},"content":{"rendered":"<div class=\"et_pb_section_0 et_pb_section et_section_regular et_block_section\"><div class=\"et_pb_row_0 et_pb_row et_pb_equal_columns et_block_row\"><div class=\"et_pb_column_0 et_pb_column et_pb_column_1_2 et_block_column et_pb_css_mix_blend_mode_passthrough pa-inline-buttons\"><div class=\"et_pb_image_0 et_pb_image et_animated et_pb_module et_block_module\"><span class=\"et_pb_image_wrap\"><img loading=\"lazy\" decoding=\"async\" src=\"https:\/\/www.greenwood-power.com\/wp_gwp20\/wp-content\/uploads\/2025\/01\/Under-construction-400x400px-300x300.png\" width=\"300\" height=\"300\" srcset=\"https:\/\/www.greenwood-power.com\/wp_gwp20\/wp-content\/uploads\/2025\/01\/Under-construction-400x400px-300x300.png 300w, https:\/\/www.greenwood-power.com\/wp_gwp20\/wp-content\/uploads\/2025\/01\/Under-construction-400x400px-150x150.png 150w, https:\/\/www.greenwood-power.com\/wp_gwp20\/wp-content\/uploads\/2025\/01\/Under-construction-400x400px.png 400w\" sizes=\"(max-width: 300px) 100vw, 300px\" class=\"wp-image-5098\" title=\"Under construction 400x400px\" alt=\"Under construction\" \/><\/span><\/div><div class=\"et_pb_blurb_0 et_pb_blurb et_pb_bg_layout_light et_pb_blurb_position_left et_pb_module et_block_module gwcs\"><div class=\"et_pb_blurb_content\"><div class=\"et_pb_main_blurb_image\"><span class=\"et_pb_image_wrap\"><span class=\"et-pb-icon et-waypoint et_pb_animation_top et_pb_animation_top_tablet et_pb_animation_top_phone\">\uf013<\/span><\/span><\/div><div class=\"et_pb_blurb_container\"><h4 class=\"et_pb_module_header\">Coming soon!<\/h4><\/div><\/div><\/div><div class=\"et_pb_text_0 et_pb_text et_pb_bg_layout_light et_animated et_pb_module et_block_module\"><div class=\"et_pb_text_inner\"><h1>PxxxFB-xx<\/h1>\n<h4>Kombinierter Spannungs- und Stromsensor<br \/>hanging, up to 36kV<\/h4>\n<\/div><\/div><div class=\"et_pb_module et_pb_button_module_wrapper et_pb_button_0_wrapper\"><a class=\"et_pb_button_0 et_pb_button et_pb_bg_layout_light et_animated et_pb_module et_block_module\" href=\"\" target=\"_blank\">Datenblatt herunterladen<\/a><\/div><\/div><div class=\"et_pb_column_1 et_pb_column et_pb_column_1_2 et-last-child et_block_column et_pb_css_mix_blend_mode_passthrough\"><div class=\"et_pb_text_1 et_pb_text et_pb_bg_layout_light et_animated et_pb_module et_block_module\"><div class=\"et_pb_text_inner\"><h2>PRODUKTBESCHREIBUNG<\/h2>\n<p><span>Alle Au\u00dfensensoren sind modular aufgebaut, was eine flexible Installation als h\u00e4ngendes Ger\u00e4t an einer Leitung oder als auf einer Schiene montierte Basis erm\u00f6glicht. Der modulare Aufbau erm\u00f6glicht auch verschiedene L\u00f6sungen als reiner Strom, reine Spannung oder eine Kombination aus beidem bis zu einer Leitungsspannung von 36 kV. Die Au\u00dfenkonstruktion besteht aus cycloaliphatischem Epoxidharz, das f\u00fcr Au\u00dfenanwendungen bekannt und bew\u00e4hrt ist.<\/span><\/p>\n<\/div><\/div><div class=\"et_pb_text_2 et_pb_text et_pb_bg_layout_light et_animated et_pb_module et_block_module\"><div class=\"et_pb_text_inner\"><h3>PRODUKTVORTEILE<\/h3>\n<ul>\n<li>Modulares System f\u00fcr bestes Preis-Leistungs-Verh\u00e4ltnis<\/li>\n<li>Lange Lebensdauer, Epoxidharz f\u00fcr den Au\u00dfenbereich<\/li>\n<li>Als h\u00e4ngende oder auf einem Sockel montierte Version erh\u00e4ltlich<\/li>\n<li>H\u00f6chste Stabilit\u00e4t gegen\u00fcber rauen Umgebungsbedingungen durch passive Komponenten<\/li>\n<li>Flexibilit\u00e4t \u2013 jeder Sensor kann reine Spannung, reiner Strom oder kombiniert sein<\/li>\n<\/ul>\n<\/div><\/div><\/div><\/div><\/div><div class=\"et_pb_section_1 et_pb_section et_section_regular et_block_section\"><div class=\"et_pb_row_1 et_pb_row et_pb_equal_columns et_block_row et_clickable\"><div class=\"et_pb_column_2 et_pb_column et_pb_column_1_5 et_block_column et_pb_css_mix_blend_mode_passthrough\"><div class=\"et_pb_image_1 et_pb_image et_animated et_pb_module et_block_module\"><span class=\"et_pb_image_wrap\"><img loading=\"lazy\" decoding=\"async\" src=\"https:\/\/www.greenwood-power.com\/wp_gwp20\/wp-content\/uploads\/2025\/02\/Titelbild-Catalog-372x286-Homepage-300x231.png\" width=\"300\" height=\"231\" srcset=\"https:\/\/www.greenwood-power.com\/wp_gwp20\/wp-content\/uploads\/2025\/02\/Titelbild-Catalog-372x286-Homepage-300x231.png 300w, https:\/\/www.greenwood-power.com\/wp_gwp20\/wp-content\/uploads\/2025\/02\/Titelbild-Catalog-372x286-Homepage.png 372w\" sizes=\"(max-width: 300px) 100vw, 300px\" class=\"wp-image-5238\" title=\"Titelbild Catalog 372x286 Homepage\" alt=\"Cover catalog\" \/><\/span><\/div><\/div><div class=\"et_pb_column_3 et_pb_column et_pb_column_3_5 et_block_column et_pb_css_mix_blend_mode_passthrough\"><div class=\"et_pb_text_3 et_pb_text et_pb_bg_layout_light et_pb_module et_block_module et_pb_text_align_center et_pb_text_align_center-tablet et_pb_text_align_center-phone\"><div class=\"et_pb_text_inner\"><p>Laden Sie unseren Katalog herunter!<\/p>\n<\/div><\/div><\/div><div class=\"et_pb_column_4 et_pb_column et_pb_column_1_5 et-last-child et_block_column et_pb_css_mix_blend_mode_passthrough\"><div class=\"et_pb_module et_pb_button_module_wrapper et_pb_button_1_wrapper\"><a class=\"et_pb_button_1 et_pb_button et_pb_bg_layout_light et_pb_module et_block_module\" href=\"https:\/\/www.greenwood-power.com\/de\/request-catalog\/\">Jetzt anfordern<\/a><\/div><\/div><\/div><div class=\"et_pb_row_2 et_pb_row et_block_row\"><div class=\"et_pb_column_5 et_pb_column et_pb_column_3_5 et_block_column et_pb_css_mix_blend_mode_passthrough\"><div class=\"et_pb_text_4 et_pb_text et_pb_bg_layout_light et_pb_module et_block_module\"><div class=\"et_pb_text_inner\"><h3>Haben Sie Fragen zum Produkt?<\/h3>\n<p><span style=\"color: #009345;\">Unser Team beantwortet Ihre Fragen gerne!<\/span><\/p>\n<\/div><\/div><\/div><div class=\"et_pb_column_6 et_pb_column et_pb_column_2_5 et-last-child et_block_column et_pb_css_mix_blend_mode_passthrough\"><div class=\"et_pb_text_5 et_pb_text et_pb_bg_layout_light et_pb_module et_block_module\"><div class=\"et_pb_text_inner\"><h3>Wir freuen uns darauf, mit Ihnen in Kontakt zu treten!<br \/><span style=\"color: #009345;\"><\/span><\/h3>\n<\/div><\/div><div class=\"et_pb_module et_pb_button_module_wrapper et_pb_button_2_wrapper\"><a class=\"et_pb_button_2 et_pb_button et_pb_bg_layout_light et_pb_module et_block_module\" href=\"https:\/\/www.greenwood-power.com\/de\/contact-us-2\/\">Jetzt kontaktieren<\/a><\/div><\/div><\/div><\/div>","protected":false},"excerpt":{"rendered":"","protected":false},"author":8,"featured_media":0,"parent":0,"menu_order":0,"comment_status":"closed","ping_status":"closed","template":"","meta":{"content-type":"","om_disable_all_campaigns":false,"_monsterinsights_skip_tracking":false,"_monsterinsights_sitenote_active":false,"_monsterinsights_sitenote_note":"","_monsterinsights_sitenote_category":0,"_uf_show_specific_survey":0,"_uf_disable_surveys":false,"footnotes":""},"class_list":["post-4280","page","type-page","status-publish","hentry"],"yoast_head":"<!-- This site is optimized with the Yoast SEO plugin v24.5 - https:\/\/yoast.com\/wordpress\/plugins\/seo\/ -->\n<title>PxxxFB-xx | US - Greenwood-Power<\/title>\n<meta name=\"robots\" content=\"index, follow, max-snippet:-1, max-image-preview:large, max-video-preview:-1\" \/>\n<link rel=\"canonical\" href=\"https:\/\/www.greenwood-power.com\/de\/pxxxfb-xx-us\/\" \/>\n<meta property=\"og:locale\" content=\"de_DE\" \/>\n<meta property=\"og:type\" content=\"article\" \/>\n<meta property=\"og:title\" content=\"PxxxFB-xx | US - Greenwood-Power\" \/>\n<meta property=\"og:url\" content=\"https:\/\/www.greenwood-power.com\/de\/pxxxfb-xx-us\/\" \/>\n<meta property=\"og:site_name\" content=\"Greenwood-Power\" \/>\n<meta property=\"article:publisher\" content=\"https:\/\/www.facebook.com\/profile.php?id=100054245060738\" \/>\n<meta property=\"article:modified_time\" content=\"2026-03-10T13:57:04+00:00\" \/>\n<meta name=\"twitter:card\" content=\"summary_large_image\" \/>\n<meta name=\"twitter:label1\" content=\"Gesch\u00e4tzte Lesezeit\" \/>\n\t<meta name=\"twitter:data1\" content=\"2 Minuten\" \/>\n<script type=\"application\/ld+json\" class=\"yoast-schema-graph\">{\"@context\":\"https:\/\/schema.org\",\"@graph\":[{\"@type\":\"WebPage\",\"@id\":\"https:\/\/www.greenwood-power.com\/pxxxfb-xx-us\/\",\"url\":\"https:\/\/www.greenwood-power.com\/pxxxfb-xx-us\/\",\"name\":\"PxxxFB-xx | US - Greenwood-Power\",\"isPartOf\":{\"@id\":\"https:\/\/www.greenwood-power.com\/#website\"},\"datePublished\":\"2023-11-22T09:37:18+00:00\",\"dateModified\":\"2026-03-10T13:57:04+00:00\",\"breadcrumb\":{\"@id\":\"https:\/\/www.greenwood-power.com\/pxxxfb-xx-us\/#breadcrumb\"},\"inLanguage\":\"de-AT\",\"potentialAction\":[{\"@type\":\"ReadAction\",\"target\":[\"https:\/\/www.greenwood-power.com\/pxxxfb-xx-us\/\"]}]},{\"@type\":\"BreadcrumbList\",\"@id\":\"https:\/\/www.greenwood-power.com\/pxxxfb-xx-us\/#breadcrumb\",\"itemListElement\":[{\"@type\":\"ListItem\",\"position\":1,\"name\":\"Home\",\"item\":\"https:\/\/www.greenwood-power.com\/\"},{\"@type\":\"ListItem\",\"position\":2,\"name\":\"PxxxFB-xx | US\"}]},{\"@type\":\"WebSite\",\"@id\":\"https:\/\/www.greenwood-power.com\/#website\",\"url\":\"https:\/\/www.greenwood-power.com\/\",\"name\":\"Greenwood-Power\",\"description\":\"Innovative Sensor Solutions\",\"publisher\":{\"@id\":\"https:\/\/www.greenwood-power.com\/#organization\"},\"potentialAction\":[{\"@type\":\"SearchAction\",\"target\":{\"@type\":\"EntryPoint\",\"urlTemplate\":\"https:\/\/www.greenwood-power.com\/?s={search_term_string}\"},\"query-input\":{\"@type\":\"PropertyValueSpecification\",\"valueRequired\":true,\"valueName\":\"search_term_string\"}}],\"inLanguage\":\"de-AT\"},{\"@type\":\"Organization\",\"@id\":\"https:\/\/www.greenwood-power.com\/#organization\",\"name\":\"Greenwood-Power\",\"url\":\"https:\/\/www.greenwood-power.com\/\",\"logo\":{\"@type\":\"ImageObject\",\"inLanguage\":\"de-AT\",\"@id\":\"https:\/\/www.greenwood-power.com\/#\/schema\/logo\/image\/\",\"url\":\"https:\/\/www.greenwood-power.com\/wp_gwp20\/wp-content\/uploads\/2023\/06\/logo-with-title-wheel-right.png\",\"contentUrl\":\"https:\/\/www.greenwood-power.com\/wp_gwp20\/wp-content\/uploads\/2023\/06\/logo-with-title-wheel-right.png\",\"width\":3188,\"height\":1006,\"caption\":\"Greenwood-Power\"},\"image\":{\"@id\":\"https:\/\/www.greenwood-power.com\/#\/schema\/logo\/image\/\"},\"sameAs\":[\"https:\/\/www.facebook.com\/profile.php?id=100054245060738\",\"https:\/\/www.linkedin.com\/company\/28493292\",\"https:\/\/www.instagram.com\/greenwood_power\/\"]}]}<\/script>\n<!-- \/ Yoast SEO plugin. -->","yoast_head_json":{"title":"PxxxFB-xx | US - Greenwood-Power","robots":{"index":"index","follow":"follow","max-snippet":"max-snippet:-1","max-image-preview":"max-image-preview:large","max-video-preview":"max-video-preview:-1"},"canonical":"https:\/\/www.greenwood-power.com\/de\/pxxxfb-xx-us\/","og_locale":"de_DE","og_type":"article","og_title":"PxxxFB-xx | US - Greenwood-Power","og_url":"https:\/\/www.greenwood-power.com\/de\/pxxxfb-xx-us\/","og_site_name":"Greenwood-Power","article_publisher":"https:\/\/www.facebook.com\/profile.php?id=100054245060738","article_modified_time":"2026-03-10T13:57:04+00:00","twitter_card":"summary_large_image","twitter_misc":{"Gesch\u00e4tzte Lesezeit":"2 Minuten"},"schema":{"@context":"https:\/\/schema.org","@graph":[{"@type":"WebPage","@id":"https:\/\/www.greenwood-power.com\/pxxxfb-xx-us\/","url":"https:\/\/www.greenwood-power.com\/pxxxfb-xx-us\/","name":"PxxxFB-xx | US - Greenwood-Power","isPartOf":{"@id":"https:\/\/www.greenwood-power.com\/#website"},"datePublished":"2023-11-22T09:37:18+00:00","dateModified":"2026-03-10T13:57:04+00:00","breadcrumb":{"@id":"https:\/\/www.greenwood-power.com\/pxxxfb-xx-us\/#breadcrumb"},"inLanguage":"de-AT","potentialAction":[{"@type":"ReadAction","target":["https:\/\/www.greenwood-power.com\/pxxxfb-xx-us\/"]}]},{"@type":"BreadcrumbList","@id":"https:\/\/www.greenwood-power.com\/pxxxfb-xx-us\/#breadcrumb","itemListElement":[{"@type":"ListItem","position":1,"name":"Home","item":"https:\/\/www.greenwood-power.com\/"},{"@type":"ListItem","position":2,"name":"PxxxFB-xx | US"}]},{"@type":"WebSite","@id":"https:\/\/www.greenwood-power.com\/#website","url":"https:\/\/www.greenwood-power.com\/","name":"Greenwood-Power","description":"Innovative Sensor Solutions","publisher":{"@id":"https:\/\/www.greenwood-power.com\/#organization"},"potentialAction":[{"@type":"SearchAction","target":{"@type":"EntryPoint","urlTemplate":"https:\/\/www.greenwood-power.com\/?s={search_term_string}"},"query-input":{"@type":"PropertyValueSpecification","valueRequired":true,"valueName":"search_term_string"}}],"inLanguage":"de-AT"},{"@type":"Organization","@id":"https:\/\/www.greenwood-power.com\/#organization","name":"Greenwood-Power","url":"https:\/\/www.greenwood-power.com\/","logo":{"@type":"ImageObject","inLanguage":"de-AT","@id":"https:\/\/www.greenwood-power.com\/#\/schema\/logo\/image\/","url":"https:\/\/www.greenwood-power.com\/wp_gwp20\/wp-content\/uploads\/2023\/06\/logo-with-title-wheel-right.png","contentUrl":"https:\/\/www.greenwood-power.com\/wp_gwp20\/wp-content\/uploads\/2023\/06\/logo-with-title-wheel-right.png","width":3188,"height":1006,"caption":"Greenwood-Power"},"image":{"@id":"https:\/\/www.greenwood-power.com\/#\/schema\/logo\/image\/"},"sameAs":["https:\/\/www.facebook.com\/profile.php?id=100054245060738","https:\/\/www.linkedin.com\/company\/28493292","https:\/\/www.instagram.com\/greenwood_power\/"]}]}},"_links":{"self":[{"href":"https:\/\/www.greenwood-power.com\/de\/wp-json\/wp\/v2\/pages\/4280","targetHints":{"allow":["GET"]}}],"collection":[{"href":"https:\/\/www.greenwood-power.com\/de\/wp-json\/wp\/v2\/pages"}],"about":[{"href":"https:\/\/www.greenwood-power.com\/de\/wp-json\/wp\/v2\/types\/page"}],"author":[{"embeddable":true,"href":"https:\/\/www.greenwood-power.com\/de\/wp-json\/wp\/v2\/users\/8"}],"replies":[{"embeddable":true,"href":"https:\/\/www.greenwood-power.com\/de\/wp-json\/wp\/v2\/comments?post=4280"}],"version-history":[{"count":5,"href":"https:\/\/www.greenwood-power.com\/de\/wp-json\/wp\/v2\/pages\/4280\/revisions"}],"predecessor-version":[{"id":7373,"href":"https:\/\/www.greenwood-power.com\/de\/wp-json\/wp\/v2\/pages\/4280\/revisions\/7373"}],"wp:attachment":[{"href":"https:\/\/www.greenwood-power.com\/de\/wp-json\/wp\/v2\/media?parent=4280"}],"curies":[{"name":"wp","href":"https:\/\/api.w.org\/{rel}","templated":true}]}}